{"id":1717,"date":"2018-02-04T15:13:15","date_gmt":"2018-02-04T15:13:15","guid":{"rendered":"https:\/\/mandl.web15.mehrdafon.com\/footer-content\/"},"modified":"2025-04-03T08:01:15","modified_gmt":"2025-04-03T08:01:15","slug":"footer-content","status":"publish","type":"page","link":"https:\/\/www.bienen.at\/en\/footer-content\/","title":{"rendered":"Footer content"},"content":{"rendered":"<div class=\"wpb-content-wrapper\">[vc_row el_class=&#8221;align-center&#8221; css=&#8221;.vc_custom_1522530531912{padding-top: 12vh !important;padding-bottom: 12vh !important;}&#8221;][vc_column thb_color=&#8221;thb-light-column&#8221; offset=&#8221;vc_col-lg-7 vc_col-md-10&#8243; el_class=&#8221;text-center&#8221;][vc_column_text el_class=&#8221;text-center&#8221;]\n<h1>Please order via our webshop.<\/h1>\n[\/vc_column_text]\t<a id=\"thb-button-69ec4268e6b09\" class=\"btn style2 x-large  white small-radius animation left-to-right   arrow-enabled\" href=\"https:\/\/www.bienen.at\/produkte\/\" target=\"_self\" role=\"button\">\n\t\t\t\t\t<span>Our Products<\/span>\n\t<svg xmlns=\"http:\/\/www.w3.org\/2000\/svg\" xmlns:xlink=\"http:\/\/www.w3.org\/1999\/xlink\" x=\"0px\" y=\"0px\"\r\n\t width=\"30px\" height=\"18px\" viewBox=\"0 0 30 18\" enable-background=\"new 0 0 30 18\" xml:space=\"preserve\">\r\n<path class=\"handle\" d=\"M20.305,16.212c-0.407,0.409-0.407,1.071,0,1.479s1.068,0.408,1.476,0l7.914-7.952c0.408-0.409,0.408-1.071,0-1.481\r\n\tl-7.914-7.952c-0.407-0.409-1.068-0.409-1.476,0s-0.407,1.071,0,1.48l7.185,7.221L20.305,16.212z\"\/>\r\n<path class=\"bar\" fill-rule=\"evenodd\" clip-rule=\"evenodd\" d=\"M1,8h28.001c0.551,0,1,0.448,1,1c0,0.553-0.449,1-1,1H1c-0.553,0-1-0.447-1-1\r\n\tC0,8.448,0.447,8,1,8z\"\/>\r\n<\/svg>\r\n\t\t<\/a>\n\t\t[vc_empty_space height=&#8221;15px&#8221;][vc_column_text]\n<h3>Contact Monday to Friday<br \/>\n<a href=\"mailto:office@bienen.at\">office@bienen.at<\/a><\/h3>\n[\/vc_column_text][\/vc_column][\/vc_row][vc_column css=&#8221;.vc_custom_1643721880217{padding-right: 5% !important;padding-left: 5% !important;}&#8221;][\/vc_column][vc_column_inner width=&#8221;1\/2&#8243;][\/vc_column_inner]\n<\/div>","protected":false},"excerpt":{"rendered":"<p>[vc_row el_class=&#8221;align-center&#8221; css=&#8221;.vc_custom_1522530531912{padding-top: 12vh !important;padding-bottom: 12vh !important;}&#8221;][vc_column thb_color=&#8221;thb-light-column&#8221; offset=&#8221;vc_col-lg-7 vc_col-md-10&#8243; el_class=&#8221;text-center&#8221;][vc_column_text el_class=&#8221;text-center&#8221;] Please order via our webshop. [\/vc_column_text][vc_empty_space height=&#8221;15px&#8221;][vc_column_text] Contact Monday to Friday office@bienen.at [\/vc_column_text][\/vc_column][\/vc_row][vc_column css=&#8221;.vc_custom_1643721880217{padding-right: 5% !important;padding-left: 5% !important;}&#8221;][\/vc_column][vc_column_inner width=&#8221;1\/2&#8243;][\/vc_column_inner]<\/p>\n","protected":false},"author":1,"featured_media":0,"parent":0,"menu_order":0,"comment_status":"closed","ping_status":"closed","template":"","meta":{"footnotes":""},"class_list":["post-1717","page","type-page","status-publish","hentry"],"yoast_head":"<!-- This site is optimized with the Yoast SEO plugin v27.0 - https:\/\/yoast.com\/product\/yoast-seo-wordpress\/ -->\n<title>Footer content - Bienenhof Mandl<\/title>\n<meta name=\"robots\" content=\"index, follow, max-snippet:-1, max-image-preview:large, max-video-preview:-1\" \/>\n<link rel=\"canonical\" href=\"https:\/\/www.bienen.at\/en\/footer-content\/\" \/>\n<meta property=\"og:locale\" content=\"en_US\" \/>\n<meta property=\"og:type\" content=\"article\" \/>\n<meta property=\"og:title\" content=\"Footer content - Bienenhof Mandl\" \/>\n<meta property=\"og:description\" content=\"[vc_row el_class=&#8221;align-center&#8221; css=&#8221;.vc_custom_1522530531912{padding-top: 12vh !important;padding-bottom: 12vh !important;}&#8221;][vc_column thb_color=&#8221;thb-light-column&#8221; offset=&#8221;vc_col-lg-7 vc_col-md-10&#8243; el_class=&#8221;text-center&#8221;][vc_column_text el_class=&#8221;text-center&#8221;] Please order via our webshop. [\/vc_column_text][vc_empty_space height=&#8221;15px&#8221;][vc_column_text] Contact Monday to Friday office@bienen.at [\/vc_column_text][\/vc_column][\/vc_row][vc_column css=&#8221;.vc_custom_1643721880217{padding-right: 5% !important;padding-left: 5% !important;}&#8221;][\/vc_column][vc_column_inner width=&#8221;1\/2&#8243;][\/vc_column_inner]\" \/>\n<meta property=\"og:url\" content=\"https:\/\/www.bienen.at\/en\/footer-content\/\" \/>\n<meta property=\"og:site_name\" content=\"Bienenhof Mandl\" \/>\n<meta property=\"article:publisher\" content=\"https:\/\/www.facebook.com\/bienen.at\" \/>\n<meta property=\"article:modified_time\" content=\"2025-04-03T08:01:15+00:00\" \/>\n<meta name=\"twitter:card\" content=\"summary_large_image\" \/>\n<meta name=\"twitter:label1\" content=\"Est. reading time\" \/>\n\t<meta name=\"twitter:data1\" content=\"1 minute\" \/>\n<script type=\"application\/ld+json\" class=\"yoast-schema-graph\">{\"@context\":\"https:\/\/schema.org\",\"@graph\":[{\"@type\":\"WebPage\",\"@id\":\"https:\/\/www.bienen.at\/en\/footer-content\/\",\"url\":\"https:\/\/www.bienen.at\/en\/footer-content\/\",\"name\":\"Footer content - Bienenhof Mandl\",\"isPartOf\":{\"@id\":\"https:\/\/www.bienen.at\/en\/#website\"},\"datePublished\":\"2018-02-04T15:13:15+00:00\",\"dateModified\":\"2025-04-03T08:01:15+00:00\",\"breadcrumb\":{\"@id\":\"https:\/\/www.bienen.at\/en\/footer-content\/#breadcrumb\"},\"inLanguage\":\"en-US\",\"potentialAction\":[{\"@type\":\"ReadAction\",\"target\":[\"https:\/\/www.bienen.at\/en\/footer-content\/\"]}]},{\"@type\":\"BreadcrumbList\",\"@id\":\"https:\/\/www.bienen.at\/en\/footer-content\/#breadcrumb\",\"itemListElement\":[{\"@type\":\"ListItem\",\"position\":1,\"name\":\"Startseite\",\"item\":\"https:\/\/www.bienen.at\/en\/\"},{\"@type\":\"ListItem\",\"position\":2,\"name\":\"Footer content\"}]},{\"@type\":\"WebSite\",\"@id\":\"https:\/\/www.bienen.at\/en\/#website\",\"url\":\"https:\/\/www.bienen.at\/en\/\",\"name\":\"Bienenhof Mandl\",\"description\":\"\u00d6sterreichs gr\u00f6\u00dfte Bio-Imkerei\",\"publisher\":{\"@id\":\"https:\/\/www.bienen.at\/en\/#organization\"},\"potentialAction\":[{\"@type\":\"SearchAction\",\"target\":{\"@type\":\"EntryPoint\",\"urlTemplate\":\"https:\/\/www.bienen.at\/en\/?s={search_term_string}\"},\"query-input\":{\"@type\":\"PropertyValueSpecification\",\"valueRequired\":true,\"valueName\":\"search_term_string\"}}],\"inLanguage\":\"en-US\"},{\"@type\":\"Organization\",\"@id\":\"https:\/\/www.bienen.at\/en\/#organization\",\"name\":\"Bienenhof Mandl\",\"url\":\"https:\/\/www.bienen.at\/en\/\",\"logo\":{\"@type\":\"ImageObject\",\"inLanguage\":\"en-US\",\"@id\":\"https:\/\/www.bienen.at\/en\/#\/schema\/logo\/image\/\",\"url\":\"https:\/\/www.bienen.at\/wp-content\/uploads\/2022\/05\/bienenat.png\",\"contentUrl\":\"https:\/\/www.bienen.at\/wp-content\/uploads\/2022\/05\/bienenat.png\",\"width\":778,\"height\":193,\"caption\":\"Bienenhof Mandl\"},\"image\":{\"@id\":\"https:\/\/www.bienen.at\/en\/#\/schema\/logo\/image\/\"},\"sameAs\":[\"https:\/\/www.facebook.com\/bienen.at\"]}]}<\/script>\n<!-- \/ Yoast SEO plugin. -->","yoast_head_json":{"title":"Footer content - Bienenhof Mandl","robots":{"index":"index","follow":"follow","max-snippet":"max-snippet:-1","max-image-preview":"max-image-preview:large","max-video-preview":"max-video-preview:-1"},"canonical":"https:\/\/www.bienen.at\/en\/footer-content\/","og_locale":"en_US","og_type":"article","og_title":"Footer content - Bienenhof Mandl","og_description":"[vc_row el_class=&#8221;align-center&#8221; css=&#8221;.vc_custom_1522530531912{padding-top: 12vh !important;padding-bottom: 12vh !important;}&#8221;][vc_column thb_color=&#8221;thb-light-column&#8221; offset=&#8221;vc_col-lg-7 vc_col-md-10&#8243; el_class=&#8221;text-center&#8221;][vc_column_text el_class=&#8221;text-center&#8221;] Please order via our webshop. [\/vc_column_text][vc_empty_space height=&#8221;15px&#8221;][vc_column_text] Contact Monday to Friday office@bienen.at [\/vc_column_text][\/vc_column][\/vc_row][vc_column css=&#8221;.vc_custom_1643721880217{padding-right: 5% !important;padding-left: 5% !important;}&#8221;][\/vc_column][vc_column_inner width=&#8221;1\/2&#8243;][\/vc_column_inner]","og_url":"https:\/\/www.bienen.at\/en\/footer-content\/","og_site_name":"Bienenhof Mandl","article_publisher":"https:\/\/www.facebook.com\/bienen.at","article_modified_time":"2025-04-03T08:01:15+00:00","twitter_card":"summary_large_image","twitter_misc":{"Est. reading time":"1 minute"},"schema":{"@context":"https:\/\/schema.org","@graph":[{"@type":"WebPage","@id":"https:\/\/www.bienen.at\/en\/footer-content\/","url":"https:\/\/www.bienen.at\/en\/footer-content\/","name":"Footer content - Bienenhof Mandl","isPartOf":{"@id":"https:\/\/www.bienen.at\/en\/#website"},"datePublished":"2018-02-04T15:13:15+00:00","dateModified":"2025-04-03T08:01:15+00:00","breadcrumb":{"@id":"https:\/\/www.bienen.at\/en\/footer-content\/#breadcrumb"},"inLanguage":"en-US","potentialAction":[{"@type":"ReadAction","target":["https:\/\/www.bienen.at\/en\/footer-content\/"]}]},{"@type":"BreadcrumbList","@id":"https:\/\/www.bienen.at\/en\/footer-content\/#breadcrumb","itemListElement":[{"@type":"ListItem","position":1,"name":"Startseite","item":"https:\/\/www.bienen.at\/en\/"},{"@type":"ListItem","position":2,"name":"Footer content"}]},{"@type":"WebSite","@id":"https:\/\/www.bienen.at\/en\/#website","url":"https:\/\/www.bienen.at\/en\/","name":"Bienenhof Mandl","description":"\u00d6sterreichs gr\u00f6\u00dfte Bio-Imkerei","publisher":{"@id":"https:\/\/www.bienen.at\/en\/#organization"},"potentialAction":[{"@type":"SearchAction","target":{"@type":"EntryPoint","urlTemplate":"https:\/\/www.bienen.at\/en\/?s={search_term_string}"},"query-input":{"@type":"PropertyValueSpecification","valueRequired":true,"valueName":"search_term_string"}}],"inLanguage":"en-US"},{"@type":"Organization","@id":"https:\/\/www.bienen.at\/en\/#organization","name":"Bienenhof Mandl","url":"https:\/\/www.bienen.at\/en\/","logo":{"@type":"ImageObject","inLanguage":"en-US","@id":"https:\/\/www.bienen.at\/en\/#\/schema\/logo\/image\/","url":"https:\/\/www.bienen.at\/wp-content\/uploads\/2022\/05\/bienenat.png","contentUrl":"https:\/\/www.bienen.at\/wp-content\/uploads\/2022\/05\/bienenat.png","width":778,"height":193,"caption":"Bienenhof Mandl"},"image":{"@id":"https:\/\/www.bienen.at\/en\/#\/schema\/logo\/image\/"},"sameAs":["https:\/\/www.facebook.com\/bienen.at"]}]}},"_links":{"self":[{"href":"https:\/\/www.bienen.at\/en\/wp-json\/wp\/v2\/pages\/1717","targetHints":{"allow":["GET"]}}],"collection":[{"href":"https:\/\/www.bienen.at\/en\/wp-json\/wp\/v2\/pages"}],"about":[{"href":"https:\/\/www.bienen.at\/en\/wp-json\/wp\/v2\/types\/page"}],"author":[{"embeddable":true,"href":"https:\/\/www.bienen.at\/en\/wp-json\/wp\/v2\/users\/1"}],"replies":[{"embeddable":true,"href":"https:\/\/www.bienen.at\/en\/wp-json\/wp\/v2\/comments?post=1717"}],"version-history":[{"count":2,"href":"https:\/\/www.bienen.at\/en\/wp-json\/wp\/v2\/pages\/1717\/revisions"}],"predecessor-version":[{"id":1740,"href":"https:\/\/www.bienen.at\/en\/wp-json\/wp\/v2\/pages\/1717\/revisions\/1740"}],"wp:attachment":[{"href":"https:\/\/www.bienen.at\/en\/wp-json\/wp\/v2\/media?parent=1717"}],"curies":[{"name":"wp","href":"https:\/\/api.w.org\/{rel}","templated":true}]}}