{"id":1897,"date":"2025-04-08T09:14:01","date_gmt":"2025-04-08T09:14:01","guid":{"rendered":"https:\/\/mandl.web15.mehrdafon.com\/?page_id=1897"},"modified":"2025-04-08T09:31:59","modified_gmt":"2025-04-08T09:31:59","slug":"latest-news-2","status":"publish","type":"page","link":"https:\/\/www.bienen.at\/en\/latest-news-2\/","title":{"rendered":"Latest news"},"content":{"rendered":"<div class=\"wpb-content-wrapper\">[vc_row][vc_column][vc_column_text]\n<h1 style=\"text-align: center;\">Latest news<\/h1>\n[\/vc_column_text][vc_column_text]\n<p style=\"text-align: center;\"><strong>from our Facebook page.<br \/>\n<\/strong>You can also visit it directly at <a href=\"https:\/\/www.facebook.com\/bienen.at\" target=\"_blank\" rel=\"noopener\">facebook.com\/bienen.at<\/a>.<\/p>\n[\/vc_column_text][vc_empty_space][vc_raw_html]PHNjcmlwdCBzcmM9Imh0dHBzOi8vc3RhdGljLmVsZnNpZ2h0LmNvbS9wbGF0Zm9ybS9wbGF0Zm9ybS5qcyIgZGF0YS11c2Utc2VydmljZS1jb3JlPSIiIGRlZmVyPjwvc2NyaXB0Pgo8ZGl2IGNsYXNzPSJlbGZzaWdodC1hcHAtNjJmMDM3MGMtM2FmNC00ZDY5LWExNzQtM2IwZWIzNjk1YmEyIiBkYXRhLWVsZnNpZ2h0LWFwcC1sYXp5PSIiPjwvZGl2Pg==[\/vc_raw_html][\/vc_column][\/vc_row]\n<\/div>","protected":false},"excerpt":{"rendered":"<p>[vc_row][vc_column][vc_column_text] Latest news [\/vc_column_text][vc_column_text] from our Facebook page. You can also visit it directly at facebook.com\/bienen.at. [\/vc_column_text][vc_empty_space][vc_raw_html]PHNjcmlwdCBzcmM9Imh0dHBzOi8vc3RhdGljLmVsZnNpZ2h0LmNvbS9wbGF0Zm9ybS9wbGF0Zm9ybS5qcyIgZGF0YS11c2Utc2VydmljZS1jb3JlPSIiIGRlZmVyPjwvc2NyaXB0Pgo8ZGl2IGNsYXNzPSJlbGZzaWdodC1hcHAtNjJmMDM3MGMtM2FmNC00ZDY5LWExNzQtM2IwZWIzNjk1YmEyIiBkYXRhLWVsZnNpZ2h0LWFwcC1sYXp5PSIiPjwvZGl2Pg==[\/vc_raw_html][\/vc_column][\/vc_row]<\/p>\n","protected":false},"author":1,"featured_media":0,"parent":0,"menu_order":0,"comment_status":"closed","ping_status":"closed","template":"","meta":{"footnotes":""},"class_list":["post-1897","page","type-page","status-publish","hentry"],"yoast_head":"<!-- This site is optimized with the Yoast SEO plugin v27.0 - https:\/\/yoast.com\/product\/yoast-seo-wordpress\/ -->\n<title>Latest news - Bienenhof Mandl<\/title>\n<meta name=\"robots\" content=\"index, follow, max-snippet:-1, max-image-preview:large, max-video-preview:-1\" \/>\n<link rel=\"canonical\" href=\"https:\/\/www.bienen.at\/en\/latest-news-2\/\" \/>\n<meta property=\"og:locale\" content=\"en_US\" \/>\n<meta property=\"og:type\" content=\"article\" \/>\n<meta property=\"og:title\" content=\"Latest news - Bienenhof Mandl\" \/>\n<meta property=\"og:description\" content=\"[vc_row][vc_column][vc_column_text] Latest news [\/vc_column_text][vc_column_text] from our Facebook page. You can also visit it directly at facebook.com\/bienen.at. [\/vc_column_text][vc_empty_space][vc_raw_html]PHNjcmlwdCBzcmM9Imh0dHBzOi8vc3RhdGljLmVsZnNpZ2h0LmNvbS9wbGF0Zm9ybS9wbGF0Zm9ybS5qcyIgZGF0YS11c2Utc2VydmljZS1jb3JlPSIiIGRlZmVyPjwvc2NyaXB0Pgo8ZGl2IGNsYXNzPSJlbGZzaWdodC1hcHAtNjJmMDM3MGMtM2FmNC00ZDY5LWExNzQtM2IwZWIzNjk1YmEyIiBkYXRhLWVsZnNpZ2h0LWFwcC1sYXp5PSIiPjwvZGl2Pg==[\/vc_raw_html][\/vc_column][\/vc_row]\" \/>\n<meta property=\"og:url\" content=\"https:\/\/www.bienen.at\/en\/latest-news-2\/\" \/>\n<meta property=\"og:site_name\" content=\"Bienenhof Mandl\" \/>\n<meta property=\"article:publisher\" content=\"https:\/\/www.facebook.com\/bienen.at\" \/>\n<meta property=\"article:modified_time\" content=\"2025-04-08T09:31:59+00:00\" \/>\n<meta name=\"twitter:card\" content=\"summary_large_image\" \/>\n<script type=\"application\/ld+json\" class=\"yoast-schema-graph\">{\"@context\":\"https:\/\/schema.org\",\"@graph\":[{\"@type\":\"WebPage\",\"@id\":\"https:\/\/www.bienen.at\/en\/latest-news-2\/\",\"url\":\"https:\/\/www.bienen.at\/en\/latest-news-2\/\",\"name\":\"Latest news - Bienenhof Mandl\",\"isPartOf\":{\"@id\":\"https:\/\/www.bienen.at\/en\/#website\"},\"datePublished\":\"2025-04-08T09:14:01+00:00\",\"dateModified\":\"2025-04-08T09:31:59+00:00\",\"breadcrumb\":{\"@id\":\"https:\/\/www.bienen.at\/en\/latest-news-2\/#breadcrumb\"},\"inLanguage\":\"en-US\",\"potentialAction\":[{\"@type\":\"ReadAction\",\"target\":[\"https:\/\/www.bienen.at\/en\/latest-news-2\/\"]}]},{\"@type\":\"BreadcrumbList\",\"@id\":\"https:\/\/www.bienen.at\/en\/latest-news-2\/#breadcrumb\",\"itemListElement\":[{\"@type\":\"ListItem\",\"position\":1,\"name\":\"Startseite\",\"item\":\"https:\/\/www.bienen.at\/en\/\"},{\"@type\":\"ListItem\",\"position\":2,\"name\":\"Latest news\"}]},{\"@type\":\"WebSite\",\"@id\":\"https:\/\/www.bienen.at\/en\/#website\",\"url\":\"https:\/\/www.bienen.at\/en\/\",\"name\":\"Bienenhof Mandl\",\"description\":\"\u00d6sterreichs gr\u00f6\u00dfte Bio-Imkerei\",\"publisher\":{\"@id\":\"https:\/\/www.bienen.at\/en\/#organization\"},\"potentialAction\":[{\"@type\":\"SearchAction\",\"target\":{\"@type\":\"EntryPoint\",\"urlTemplate\":\"https:\/\/www.bienen.at\/en\/?s={search_term_string}\"},\"query-input\":{\"@type\":\"PropertyValueSpecification\",\"valueRequired\":true,\"valueName\":\"search_term_string\"}}],\"inLanguage\":\"en-US\"},{\"@type\":\"Organization\",\"@id\":\"https:\/\/www.bienen.at\/en\/#organization\",\"name\":\"Bienenhof Mandl\",\"url\":\"https:\/\/www.bienen.at\/en\/\",\"logo\":{\"@type\":\"ImageObject\",\"inLanguage\":\"en-US\",\"@id\":\"https:\/\/www.bienen.at\/en\/#\/schema\/logo\/image\/\",\"url\":\"https:\/\/www.bienen.at\/wp-content\/uploads\/2022\/05\/bienenat.png\",\"contentUrl\":\"https:\/\/www.bienen.at\/wp-content\/uploads\/2022\/05\/bienenat.png\",\"width\":778,\"height\":193,\"caption\":\"Bienenhof Mandl\"},\"image\":{\"@id\":\"https:\/\/www.bienen.at\/en\/#\/schema\/logo\/image\/\"},\"sameAs\":[\"https:\/\/www.facebook.com\/bienen.at\"]}]}<\/script>\n<!-- \/ Yoast SEO plugin. -->","yoast_head_json":{"title":"Latest news - Bienenhof Mandl","robots":{"index":"index","follow":"follow","max-snippet":"max-snippet:-1","max-image-preview":"max-image-preview:large","max-video-preview":"max-video-preview:-1"},"canonical":"https:\/\/www.bienen.at\/en\/latest-news-2\/","og_locale":"en_US","og_type":"article","og_title":"Latest news - Bienenhof Mandl","og_description":"[vc_row][vc_column][vc_column_text] Latest news [\/vc_column_text][vc_column_text] from our Facebook page. You can also visit it directly at facebook.com\/bienen.at. [\/vc_column_text][vc_empty_space][vc_raw_html]PHNjcmlwdCBzcmM9Imh0dHBzOi8vc3RhdGljLmVsZnNpZ2h0LmNvbS9wbGF0Zm9ybS9wbGF0Zm9ybS5qcyIgZGF0YS11c2Utc2VydmljZS1jb3JlPSIiIGRlZmVyPjwvc2NyaXB0Pgo8ZGl2IGNsYXNzPSJlbGZzaWdodC1hcHAtNjJmMDM3MGMtM2FmNC00ZDY5LWExNzQtM2IwZWIzNjk1YmEyIiBkYXRhLWVsZnNpZ2h0LWFwcC1sYXp5PSIiPjwvZGl2Pg==[\/vc_raw_html][\/vc_column][\/vc_row]","og_url":"https:\/\/www.bienen.at\/en\/latest-news-2\/","og_site_name":"Bienenhof Mandl","article_publisher":"https:\/\/www.facebook.com\/bienen.at","article_modified_time":"2025-04-08T09:31:59+00:00","twitter_card":"summary_large_image","schema":{"@context":"https:\/\/schema.org","@graph":[{"@type":"WebPage","@id":"https:\/\/www.bienen.at\/en\/latest-news-2\/","url":"https:\/\/www.bienen.at\/en\/latest-news-2\/","name":"Latest news - Bienenhof Mandl","isPartOf":{"@id":"https:\/\/www.bienen.at\/en\/#website"},"datePublished":"2025-04-08T09:14:01+00:00","dateModified":"2025-04-08T09:31:59+00:00","breadcrumb":{"@id":"https:\/\/www.bienen.at\/en\/latest-news-2\/#breadcrumb"},"inLanguage":"en-US","potentialAction":[{"@type":"ReadAction","target":["https:\/\/www.bienen.at\/en\/latest-news-2\/"]}]},{"@type":"BreadcrumbList","@id":"https:\/\/www.bienen.at\/en\/latest-news-2\/#breadcrumb","itemListElement":[{"@type":"ListItem","position":1,"name":"Startseite","item":"https:\/\/www.bienen.at\/en\/"},{"@type":"ListItem","position":2,"name":"Latest news"}]},{"@type":"WebSite","@id":"https:\/\/www.bienen.at\/en\/#website","url":"https:\/\/www.bienen.at\/en\/","name":"Bienenhof Mandl","description":"\u00d6sterreichs gr\u00f6\u00dfte Bio-Imkerei","publisher":{"@id":"https:\/\/www.bienen.at\/en\/#organization"},"potentialAction":[{"@type":"SearchAction","target":{"@type":"EntryPoint","urlTemplate":"https:\/\/www.bienen.at\/en\/?s={search_term_string}"},"query-input":{"@type":"PropertyValueSpecification","valueRequired":true,"valueName":"search_term_string"}}],"inLanguage":"en-US"},{"@type":"Organization","@id":"https:\/\/www.bienen.at\/en\/#organization","name":"Bienenhof Mandl","url":"https:\/\/www.bienen.at\/en\/","logo":{"@type":"ImageObject","inLanguage":"en-US","@id":"https:\/\/www.bienen.at\/en\/#\/schema\/logo\/image\/","url":"https:\/\/www.bienen.at\/wp-content\/uploads\/2022\/05\/bienenat.png","contentUrl":"https:\/\/www.bienen.at\/wp-content\/uploads\/2022\/05\/bienenat.png","width":778,"height":193,"caption":"Bienenhof Mandl"},"image":{"@id":"https:\/\/www.bienen.at\/en\/#\/schema\/logo\/image\/"},"sameAs":["https:\/\/www.facebook.com\/bienen.at"]}]}},"_links":{"self":[{"href":"https:\/\/www.bienen.at\/en\/wp-json\/wp\/v2\/pages\/1897","targetHints":{"allow":["GET"]}}],"collection":[{"href":"https:\/\/www.bienen.at\/en\/wp-json\/wp\/v2\/pages"}],"about":[{"href":"https:\/\/www.bienen.at\/en\/wp-json\/wp\/v2\/types\/page"}],"author":[{"embeddable":true,"href":"https:\/\/www.bienen.at\/en\/wp-json\/wp\/v2\/users\/1"}],"replies":[{"embeddable":true,"href":"https:\/\/www.bienen.at\/en\/wp-json\/wp\/v2\/comments?post=1897"}],"version-history":[{"count":7,"href":"https:\/\/www.bienen.at\/en\/wp-json\/wp\/v2\/pages\/1897\/revisions"}],"predecessor-version":[{"id":1910,"href":"https:\/\/www.bienen.at\/en\/wp-json\/wp\/v2\/pages\/1897\/revisions\/1910"}],"wp:attachment":[{"href":"https:\/\/www.bienen.at\/en\/wp-json\/wp\/v2\/media?parent=1897"}],"curies":[{"name":"wp","href":"https:\/\/api.w.org\/{rel}","templated":true}]}}