{"id":1968,"date":"2025-05-23T10:16:02","date_gmt":"2025-05-23T10:16:02","guid":{"rendered":"https:\/\/www.bienen.at\/?page_id=1968"},"modified":"2025-06-01T08:41:10","modified_gmt":"2025-06-01T08:41:10","slug":"queen-breeding","status":"publish","type":"page","link":"https:\/\/www.bienen.at\/en\/queen-rearing-2\/","title":{"rendered":"SelectBees 2.0 research project"},"content":{"rendered":"<div class=\"wpb-content-wrapper\">[vc_row thb_full_width=&#8221;true&#8221; thb_row_padding=&#8221;true&#8221; thb_column_padding=&#8221;true&#8221; css=&#8221;.vc_custom_1743520876927{background-image: url(https:\/\/www.bienen.at\/wp-content\/uploads\/2022\/02\/bg_mandl.jpg?id=166) !important;}&#8221;][vc_column][vc_empty_space height=&#8221;250px&#8221;][vc_row_inner el_class=&#8221;text-center&#8221;][vc_column_inner width=&#8221;1\/6&#8243;][\/vc_column_inner][vc_column_inner thb_color=&#8221;thb-light-column&#8221; fixed=&#8221;thb-fixed&#8221; el_class=&#8221;text-center&#8221; width=&#8221;2\/3&#8243; css=&#8221;.vc_custom_1743517163933{border-top-width: 3px !important;border-right-width: 3px !important;border-bottom-width: 3px !important;border-left-width: 3px !important;padding-top: 4% !important;padding-right: 2% !important;padding-left: 5% !important;background-position: center !important;background-repeat: no-repeat !important;background-size: cover !important;border-left-style: solid !important;border-right-style: solid !important;border-top-style: solid !important;border-bottom-style: solid !important;border-radius: 2px !important;border-color: #FFFFFF !important;}&#8221;][vc_column_text css=&#8221;&#8221; animation=&#8221;animation left-to-right&#8221;]\n<h1 style=\"text-align: center;\">SelectBees 2.0<\/h1>\n<p style=\"text-align: center;\"><strong>Research project: Selection of Austrian Carnica bees for Varroa<\/strong><br \/>\n<strong>resistance 2.0<\/strong><\/p>\n[\/vc_column_text][\/vc_column_inner][vc_column_inner width=&#8221;1\/6&#8243;][\/vc_column_inner][\/vc_row_inner][vc_empty_space height=&#8221;200px&#8221;][\/vc_column][\/vc_row][vc_row][vc_column][vc_empty_space height=&#8221;100px&#8221;][\/vc_column][\/vc_row][vc_row][vc_column width=&#8221;1\/2&#8243;][vc_empty_space][vc_column_text css=&#8221;&#8221;]\n<h2 style=\"text-align: left;\">For the future of our bees<\/h2>\n[\/vc_column_text][vc_column_text css=&#8221;&#8221;]<strong>Funded by:<\/strong> FFG &#8211; \u00d6sterreichische Forschungsf\u00f6rderungsgesellschaft<br \/>\n<strong>Project duration:<\/strong> 2025 to 2028<br \/>\n<strong>Project volume:<\/strong> EUR 450,000.00<br \/>\n<strong>Project partner:<\/strong><\/p>\n<ul>\n<li>Mandl GmbH &#8211; Economic partner<\/li>\n<li>Dr. Berthold Heinze, BFW &#8211; Federal Forest Research Institute &#8211; Scientific Partner<\/li>\n<li>Dr. Thomas Druml &#8211; Scientific Partner<\/li>\n<\/ul>\n[\/vc_column_text][vc_empty_space][\/vc_column][vc_column width=&#8221;1\/2&#8243; el_class=&#8221;home-buttons&#8221;][vc_single_image image=&#8221;1703&#8243; img_size=&#8221;full&#8221; alignment=&#8221;center&#8221; style=&#8221;vc_box_circle&#8221; css=&#8221;&#8221;][\/vc_column][\/vc_row][vc_row thb_full_width=&#8221;true&#8221; thb_row_padding=&#8221;true&#8221; thb_column_padding=&#8221;true&#8221; css=&#8221;.vc_custom_1743583868318{padding-top: 10vh !important;padding-bottom: 10vh !important;background-color: #EEDFCC !important;}&#8221;][vc_column][vc_row_inner][vc_column_inner width=&#8221;2\/3&#8243;][vc_column_text css=&#8221;&#8221;]<strong>The SelectBees2.0 project aims to filter the allele frequencies of resistance strains within the Austrian Apis Mellifera Carnica population by means of artificial selection using state-of-the-art breeding techniques (single drone insemination, phenotype recording in test colonies, artificial infection with Varroa mites) and molecular genetic methods such as NGS genome sequencing and to increase them through specific breeding programs.  <\/strong><\/p>\n<p><span style=\"font-weight: 400;\">Molecular genetic analyses based on experimental breeding trials with standardized testing should be used to identify genomic regions or genetic markers that correlate with resistance traits and can therefore be used in marker-assisted selection programs. The cooperation project is being carried out at Austria&#8217;s largest beekeeping operation (approx. 12,000 colonies). While other international resistance breeding programs rely on the crossbreeding of foreign bee subspecies (e.g. Russian Primorski or Kenyan highland bee), this project aims to strengthen existing resistance systems within the autochthonous Carnica bee in Austria in order to carry out sustainable conservation breeding of a subspecies adapted to Austrian climatic conditions.  <\/span><\/p>\n<p><span style=\"font-weight: 400;\"><strong>The general aim of this research project is to find and filter out traits and carriers of Varroa resistance within the Austrian Carnica population in order to consolidate them within an accelerated breeding and testing program and to increase the frequency of resistance plants.<\/strong> <\/span><\/p>\n<p><span style=\"font-weight: 400;\">The SelectBees2.0 research and development project, which will run for three years, can generally be divided into three areas:<\/span>[\/vc_column_text][vc_empty_space][\/vc_column_inner][vc_column_inner width=&#8221;1\/3&#8243;][vc_single_image image=&#8221;1974&#8243; img_size=&#8221;full&#8221; add_caption=&#8221;yes&#8221; css=&#8221;&#8221;][\/vc_column_inner][\/vc_row_inner][vc_row_inner][vc_column_inner width=&#8221;1\/3&#8243;][vc_column_text css=&#8221;&#8221; animation=&#8221;animation fade-in&#8221;]\n<h3><span style=\"font-weight: 400;\">Work package 1  <\/span><\/h3>\n<p><span style=\"font-weight: 400;\">includes all practical breeding work relating to single drone insemination (SDI) and further breeding of selectively mated queens, including mating on mating sites with SDI-selected drone colonies.<\/span>[\/vc_column_text][\/vc_column_inner][vc_column_inner width=&#8221;1\/3&#8243;][vc_column_text css=&#8221;&#8221; animation=&#8221;animation fade-in&#8221;]\n<h3><span style=\"font-weight: 400;\">Work package 2<\/span><\/h3>\n<p><span style=\"font-weight: 400;\">includes the performance testing of SDI-selected whole colonies as well as the comparative performance testing of pre-selected whole colonies from specialized breeding farms and reference colonies from national breeding.<\/span>[\/vc_column_text][\/vc_column_inner][vc_column_inner width=&#8221;1\/3&#8243;][vc_column_text css=&#8221;&#8221; animation=&#8221;animation fade-in&#8221;]\n<h3><span style=\"font-weight: 400;\">Work package 3<\/span><\/h3>\n<p><span style=\"font-weight: 400;\">revolves around the sampling and genotyping\/sequencing of selected test colonies or selected breeding queens. Samples, DNA and sequence or genotype data will be archived accordingly, the genotype data will be used for genome-wide association analyses to identify possible markers associated with resistance or to statistically evaluate previously known regions with test data. <\/span>[\/vc_column_text][\/vc_column_inner][\/vc_row_inner][\/vc_column][\/vc_row][vc_row thb_full_width=&#8221;true&#8221; thb_row_padding=&#8221;true&#8221; thb_column_padding=&#8221;true&#8221; css=&#8221;.vc_custom_1747994810437{padding-top: 10vh !important;padding-bottom: 10vh !important;}&#8221;][vc_column][vc_row_inner][vc_column_inner width=&#8221;2\/3&#8243;][vc_column_text css=&#8221;&#8221;]<span style=\"font-weight: 400;\">The topic of varroa resistance breeding has been the focus of both scientific and practical attention in Europe for the last 10 years and is mainly carried out on the basis of open breeding books (Buckfast, crossbreeding of foreign breeds with trait systems). In Germany, the German Beekeepers&#8217; Association (DIB) announced the Varroa 2033 program in 2023 with the aim of getting the Varroa problem under control by 2033. This program is essentially based on two pillars a) the nationwide implementation of biotechnical anti-varroa measures to move away from chemical and pharmacological treatments and b) breeding measures to increase and consolidate resistance traits in individual subpopulations in Germany.      <\/span><\/p>\n<p><span style=\"font-weight: 400;\">This three-year project lays the foundation for successful, technically state-of-the-art and systematically scientifically supported breeding work. Through the selection experiments, an increase in the frequency of Varroa resistance traits and the formation of resistant breeding lines can be guaranteed to a certain extent. Subsequently, it will be necessary to further consolidate the breeding progress achieved and to place resistance systems on a broader genetic basis. To this end, several VSH\/SMR breeding sites developed in the project will be used to make the breeding progress accessible to the broader breeding and beekeeping community in the longer term.   <\/span>[\/vc_column_text][\/vc_column_inner][vc_column_inner width=&#8221;1\/3&#8243;][vc_single_image image=&#8221;1977&#8243; img_size=&#8221;full&#8221; add_caption=&#8221;yes&#8221; css=&#8221;&#8221;][vc_single_image image=&#8221;1979&#8243; img_size=&#8221;full&#8221; add_caption=&#8221;yes&#8221; css=&#8221;&#8221;][\/vc_column_inner][\/vc_row_inner][\/vc_column][\/vc_row]\n<\/div>","protected":false},"excerpt":{"rendered":"<p>[vc_row thb_full_width=&#8221;true&#8221; thb_row_padding=&#8221;true&#8221; thb_column_padding=&#8221;true&#8221; css=&#8221;.vc_custom_1743520876927{background-image: url(https:\/\/www.bienen.at\/wp-content\/uploads\/2022\/02\/bg_mandl.jpg?id=166) !important;}&#8221;][vc_column][vc_empty_space height=&#8221;250px&#8221;][vc_row_inner el_class=&#8221;text-center&#8221;][vc_column_inner width=&#8221;1\/6&#8243;][\/vc_column_inner][vc_column_inner thb_color=&#8221;thb-light-column&#8221; fixed=&#8221;thb-fixed&#8221; el_class=&#8221;text-center&#8221; width=&#8221;2\/3&#8243; css=&#8221;.vc_custom_1743517163933{border-top-width: 3px !important;border-right-width: 3px !important;border-bottom-width: 3px !important;border-left-width: 3px !important;padding-top: 4% !important;padding-right: 2% !important;padding-left: 5% !important;background-position: center !important;background-repeat: no-repeat !important;background-size: cover !important;border-left-style: solid !important;border-right-style: solid !important;border-top-style: solid !important;border-bottom-style: solid !important;border-radius: 2px !important;border-color: #FFFFFF !important;}&#8221;][vc_column_text css=&#8221;&#8221; animation=&#8221;animation left-to-right&#8221;] SelectBees 2.0 Research project: Selection&hellip;<\/p>\n","protected":false},"author":1,"featured_media":0,"parent":0,"menu_order":0,"comment_status":"closed","ping_status":"closed","template":"","meta":{"footnotes":""},"class_list":["post-1968","page","type-page","status-publish","hentry"],"yoast_head":"<!-- This site is optimized with the Yoast SEO plugin v27.0 - https:\/\/yoast.com\/product\/yoast-seo-wordpress\/ -->\n<title>SelectBees 2.0 research project - Bienenhof Mandl<\/title>\n<meta name=\"robots\" content=\"index, follow, max-snippet:-1, max-image-preview:large, max-video-preview:-1\" \/>\n<link rel=\"canonical\" href=\"https:\/\/www.bienen.at\/en\/queen-rearing-2\/\" \/>\n<meta property=\"og:locale\" content=\"en_US\" \/>\n<meta property=\"og:type\" content=\"article\" \/>\n<meta property=\"og:title\" content=\"SelectBees 2.0 research project - Bienenhof Mandl\" \/>\n<meta property=\"og:description\" content=\"[vc_row thb_full_width=&#8221;true&#8221; thb_row_padding=&#8221;true&#8221; thb_column_padding=&#8221;true&#8221; css=&#8221;.vc_custom_1743520876927{background-image: url(https:\/\/www.bienen.at\/wp-content\/uploads\/2022\/02\/bg_mandl.jpg?id=166) !important;}&#8221;][vc_column][vc_empty_space height=&#8221;250px&#8221;][vc_row_inner el_class=&#8221;text-center&#8221;][vc_column_inner width=&#8221;1\/6&#8243;][\/vc_column_inner][vc_column_inner thb_color=&#8221;thb-light-column&#8221; fixed=&#8221;thb-fixed&#8221; el_class=&#8221;text-center&#8221; width=&#8221;2\/3&#8243; css=&#8221;.vc_custom_1743517163933{border-top-width: 3px !important;border-right-width: 3px !important;border-bottom-width: 3px !important;border-left-width: 3px !important;padding-top: 4% !important;padding-right: 2% !important;padding-left: 5% !important;background-position: center !important;background-repeat: no-repeat !important;background-size: cover !important;border-left-style: solid !important;border-right-style: solid !important;border-top-style: solid !important;border-bottom-style: solid !important;border-radius: 2px !important;border-color: #FFFFFF !important;}&#8221;][vc_column_text css=&#8221;&#8221; animation=&#8221;animation left-to-right&#8221;] SelectBees 2.0 Research project: Selection&hellip;\" \/>\n<meta property=\"og:url\" content=\"https:\/\/www.bienen.at\/en\/queen-rearing-2\/\" \/>\n<meta property=\"og:site_name\" content=\"Bienenhof Mandl\" \/>\n<meta property=\"article:publisher\" content=\"https:\/\/www.facebook.com\/bienen.at\" \/>\n<meta property=\"article:modified_time\" content=\"2025-06-01T08:41:10+00:00\" \/>\n<meta name=\"twitter:card\" content=\"summary_large_image\" \/>\n<meta name=\"twitter:label1\" content=\"Est. reading time\" \/>\n\t<meta name=\"twitter:data1\" content=\"6 minutes\" \/>\n<script type=\"application\/ld+json\" class=\"yoast-schema-graph\">{\"@context\":\"https:\/\/schema.org\",\"@graph\":[{\"@type\":\"WebPage\",\"@id\":\"https:\/\/www.bienen.at\/en\/queen-rearing-2\/\",\"url\":\"https:\/\/www.bienen.at\/en\/queen-rearing-2\/\",\"name\":\"SelectBees 2.0 research project - Bienenhof Mandl\",\"isPartOf\":{\"@id\":\"https:\/\/www.bienen.at\/en\/#website\"},\"datePublished\":\"2025-05-23T10:16:02+00:00\",\"dateModified\":\"2025-06-01T08:41:10+00:00\",\"breadcrumb\":{\"@id\":\"https:\/\/www.bienen.at\/en\/queen-rearing-2\/#breadcrumb\"},\"inLanguage\":\"en-US\",\"potentialAction\":[{\"@type\":\"ReadAction\",\"target\":[\"https:\/\/www.bienen.at\/en\/queen-rearing-2\/\"]}]},{\"@type\":\"BreadcrumbList\",\"@id\":\"https:\/\/www.bienen.at\/en\/queen-rearing-2\/#breadcrumb\",\"itemListElement\":[{\"@type\":\"ListItem\",\"position\":1,\"name\":\"Startseite\",\"item\":\"https:\/\/www.bienen.at\/en\/\"},{\"@type\":\"ListItem\",\"position\":2,\"name\":\"SelectBees 2.0 research project\"}]},{\"@type\":\"WebSite\",\"@id\":\"https:\/\/www.bienen.at\/en\/#website\",\"url\":\"https:\/\/www.bienen.at\/en\/\",\"name\":\"Bienenhof Mandl\",\"description\":\"\u00d6sterreichs gr\u00f6\u00dfte Bio-Imkerei\",\"publisher\":{\"@id\":\"https:\/\/www.bienen.at\/en\/#organization\"},\"potentialAction\":[{\"@type\":\"SearchAction\",\"target\":{\"@type\":\"EntryPoint\",\"urlTemplate\":\"https:\/\/www.bienen.at\/en\/?s={search_term_string}\"},\"query-input\":{\"@type\":\"PropertyValueSpecification\",\"valueRequired\":true,\"valueName\":\"search_term_string\"}}],\"inLanguage\":\"en-US\"},{\"@type\":\"Organization\",\"@id\":\"https:\/\/www.bienen.at\/en\/#organization\",\"name\":\"Bienenhof Mandl\",\"url\":\"https:\/\/www.bienen.at\/en\/\",\"logo\":{\"@type\":\"ImageObject\",\"inLanguage\":\"en-US\",\"@id\":\"https:\/\/www.bienen.at\/en\/#\/schema\/logo\/image\/\",\"url\":\"https:\/\/www.bienen.at\/wp-content\/uploads\/2022\/05\/bienenat.png\",\"contentUrl\":\"https:\/\/www.bienen.at\/wp-content\/uploads\/2022\/05\/bienenat.png\",\"width\":778,\"height\":193,\"caption\":\"Bienenhof Mandl\"},\"image\":{\"@id\":\"https:\/\/www.bienen.at\/en\/#\/schema\/logo\/image\/\"},\"sameAs\":[\"https:\/\/www.facebook.com\/bienen.at\"]}]}<\/script>\n<!-- \/ Yoast SEO plugin. -->","yoast_head_json":{"title":"SelectBees 2.0 research project - Bienenhof Mandl","robots":{"index":"index","follow":"follow","max-snippet":"max-snippet:-1","max-image-preview":"max-image-preview:large","max-video-preview":"max-video-preview:-1"},"canonical":"https:\/\/www.bienen.at\/en\/queen-rearing-2\/","og_locale":"en_US","og_type":"article","og_title":"SelectBees 2.0 research project - Bienenhof Mandl","og_description":"[vc_row thb_full_width=&#8221;true&#8221; thb_row_padding=&#8221;true&#8221; thb_column_padding=&#8221;true&#8221; css=&#8221;.vc_custom_1743520876927{background-image: url(https:\/\/www.bienen.at\/wp-content\/uploads\/2022\/02\/bg_mandl.jpg?id=166) !important;}&#8221;][vc_column][vc_empty_space height=&#8221;250px&#8221;][vc_row_inner el_class=&#8221;text-center&#8221;][vc_column_inner width=&#8221;1\/6&#8243;][\/vc_column_inner][vc_column_inner thb_color=&#8221;thb-light-column&#8221; fixed=&#8221;thb-fixed&#8221; el_class=&#8221;text-center&#8221; width=&#8221;2\/3&#8243; css=&#8221;.vc_custom_1743517163933{border-top-width: 3px !important;border-right-width: 3px !important;border-bottom-width: 3px !important;border-left-width: 3px !important;padding-top: 4% !important;padding-right: 2% !important;padding-left: 5% !important;background-position: center !important;background-repeat: no-repeat !important;background-size: cover !important;border-left-style: solid !important;border-right-style: solid !important;border-top-style: solid !important;border-bottom-style: solid !important;border-radius: 2px !important;border-color: #FFFFFF !important;}&#8221;][vc_column_text css=&#8221;&#8221; animation=&#8221;animation left-to-right&#8221;] SelectBees 2.0 Research project: Selection&hellip;","og_url":"https:\/\/www.bienen.at\/en\/queen-rearing-2\/","og_site_name":"Bienenhof Mandl","article_publisher":"https:\/\/www.facebook.com\/bienen.at","article_modified_time":"2025-06-01T08:41:10+00:00","twitter_card":"summary_large_image","twitter_misc":{"Est. reading time":"6 minutes"},"schema":{"@context":"https:\/\/schema.org","@graph":[{"@type":"WebPage","@id":"https:\/\/www.bienen.at\/en\/queen-rearing-2\/","url":"https:\/\/www.bienen.at\/en\/queen-rearing-2\/","name":"SelectBees 2.0 research project - Bienenhof Mandl","isPartOf":{"@id":"https:\/\/www.bienen.at\/en\/#website"},"datePublished":"2025-05-23T10:16:02+00:00","dateModified":"2025-06-01T08:41:10+00:00","breadcrumb":{"@id":"https:\/\/www.bienen.at\/en\/queen-rearing-2\/#breadcrumb"},"inLanguage":"en-US","potentialAction":[{"@type":"ReadAction","target":["https:\/\/www.bienen.at\/en\/queen-rearing-2\/"]}]},{"@type":"BreadcrumbList","@id":"https:\/\/www.bienen.at\/en\/queen-rearing-2\/#breadcrumb","itemListElement":[{"@type":"ListItem","position":1,"name":"Startseite","item":"https:\/\/www.bienen.at\/en\/"},{"@type":"ListItem","position":2,"name":"SelectBees 2.0 research project"}]},{"@type":"WebSite","@id":"https:\/\/www.bienen.at\/en\/#website","url":"https:\/\/www.bienen.at\/en\/","name":"Bienenhof Mandl","description":"\u00d6sterreichs gr\u00f6\u00dfte Bio-Imkerei","publisher":{"@id":"https:\/\/www.bienen.at\/en\/#organization"},"potentialAction":[{"@type":"SearchAction","target":{"@type":"EntryPoint","urlTemplate":"https:\/\/www.bienen.at\/en\/?s={search_term_string}"},"query-input":{"@type":"PropertyValueSpecification","valueRequired":true,"valueName":"search_term_string"}}],"inLanguage":"en-US"},{"@type":"Organization","@id":"https:\/\/www.bienen.at\/en\/#organization","name":"Bienenhof Mandl","url":"https:\/\/www.bienen.at\/en\/","logo":{"@type":"ImageObject","inLanguage":"en-US","@id":"https:\/\/www.bienen.at\/en\/#\/schema\/logo\/image\/","url":"https:\/\/www.bienen.at\/wp-content\/uploads\/2022\/05\/bienenat.png","contentUrl":"https:\/\/www.bienen.at\/wp-content\/uploads\/2022\/05\/bienenat.png","width":778,"height":193,"caption":"Bienenhof Mandl"},"image":{"@id":"https:\/\/www.bienen.at\/en\/#\/schema\/logo\/image\/"},"sameAs":["https:\/\/www.facebook.com\/bienen.at"]}]}},"_links":{"self":[{"href":"https:\/\/www.bienen.at\/en\/wp-json\/wp\/v2\/pages\/1968","targetHints":{"allow":["GET"]}}],"collection":[{"href":"https:\/\/www.bienen.at\/en\/wp-json\/wp\/v2\/pages"}],"about":[{"href":"https:\/\/www.bienen.at\/en\/wp-json\/wp\/v2\/types\/page"}],"author":[{"embeddable":true,"href":"https:\/\/www.bienen.at\/en\/wp-json\/wp\/v2\/users\/1"}],"replies":[{"embeddable":true,"href":"https:\/\/www.bienen.at\/en\/wp-json\/wp\/v2\/comments?post=1968"}],"version-history":[{"count":5,"href":"https:\/\/www.bienen.at\/en\/wp-json\/wp\/v2\/pages\/1968\/revisions"}],"predecessor-version":[{"id":2014,"href":"https:\/\/www.bienen.at\/en\/wp-json\/wp\/v2\/pages\/1968\/revisions\/2014"}],"wp:attachment":[{"href":"https:\/\/www.bienen.at\/en\/wp-json\/wp\/v2\/media?parent=1968"}],"curies":[{"name":"wp","href":"https:\/\/api.w.org\/{rel}","templated":true}]}}