{"id":2016,"date":"2025-06-01T09:34:19","date_gmt":"2025-06-01T09:34:19","guid":{"rendered":"https:\/\/www.bienen.at\/?page_id=2016"},"modified":"2025-06-01T09:37:44","modified_gmt":"2025-06-01T09:37:44","slug":"selectbees-2-0-research-project","status":"publish","type":"page","link":"https:\/\/www.bienen.at\/en\/about-us\/","title":{"rendered":"About us"},"content":{"rendered":"<div class=\"wpb-content-wrapper\">[vc_row thb_full_width=&#8221;true&#8221; thb_row_padding=&#8221;true&#8221; thb_column_padding=&#8221;true&#8221; css=&#8221;.vc_custom_1743520876927{background-image: url(https:\/\/www.bienen.at\/wp-content\/uploads\/2022\/02\/bg_mandl.jpg?id=166) !important;}&#8221;][vc_column][vc_empty_space height=&#8221;250px&#8221;][vc_row_inner el_class=&#8221;text-center&#8221;][vc_column_inner width=&#8221;1\/6&#8243;][\/vc_column_inner][vc_column_inner thb_color=&#8221;thb-light-column&#8221; fixed=&#8221;thb-fixed&#8221; el_class=&#8221;text-center&#8221; width=&#8221;2\/3&#8243; css=&#8221;.vc_custom_1743517163933{border-top-width: 3px !important;border-right-width: 3px !important;border-bottom-width: 3px !important;border-left-width: 3px !important;padding-top: 4% !important;padding-right: 2% !important;padding-left: 5% !important;background-position: center !important;background-repeat: no-repeat !important;background-size: cover !important;border-left-style: solid !important;border-right-style: solid !important;border-top-style: solid !important;border-bottom-style: solid !important;border-radius: 2px !important;border-color: #FFFFFF !important;}&#8221;][vc_column_text css=&#8221;&#8221; animation=&#8221;animation left-to-right&#8221;]\n<h1 style=\"text-align: center;\">Bienenhof Mandl<\/h1>\n<p style=\"text-align: center;\"><b>A little background about our company and the family.<\/b><\/p>\n[\/vc_column_text][\/vc_column_inner][vc_column_inner width=&#8221;1\/6&#8243;][\/vc_column_inner][\/vc_row_inner][vc_empty_space height=&#8221;200px&#8221;][\/vc_column][\/vc_row][vc_row][vc_column][vc_empty_space height=&#8221;50px&#8221;][\/vc_column][\/vc_row][vc_row][vc_column width=&#8221;1\/3&#8243;]\t<div class=\"thb-counter counter-style1 thb-side left\" id=\"thb-counter-69f275d95a59e\" data-separator=\"\" data-format=\"(,ddd).dd\">\n\t\t\t\t\t<div class=\"counter-container\">\n\t\t\t\t\t\t\t\t<div class=\"h1\" data-count=\"1\" data-speed=\"2000\">0<\/div>\n\t\t\t\t\t\t\t<\/div>\n\t\t\t<h6>Family<\/h6>\n\t\t\t\t\t\t\t\t\t\t<style>\n\t\t\t#thb-counter-69f275d95a59e .odometer.odometer-auto-theme.odometer-animating-up .odometer-ribbon-inner,\n\t\t\t#thb-counter-69f275d95a59e .odometer.odometer-theme-minimal.odometer-animating-up .odometer-ribbon-inner {\n\t\t\t\ttransition: transform 2s;\n\t\t\t}\n\t\t\t\t\t\t\t\t\t\t\t\t\t\t<\/style>\n\t<\/div>\n\t[\/vc_column][vc_column width=&#8221;1\/3&#8243;]\t<div class=\"thb-counter counter-style1 thb-side left\" id=\"thb-counter-69f275d95a695\" data-separator=\"\" data-format=\"(,ddd).dd\">\n\t\t\t\t\t<div class=\"counter-container\">\n\t\t\t\t\t\t\t\t<div class=\"h1\" data-count=\"20\" data-speed=\"2000\">0<\/div>\n\t\t\t\t\t\t\t<\/div>\n\t\t\t<h6>Full-time employees<\/h6>\n\t\t\t\t\t\t\t\t\t\t<style>\n\t\t\t#thb-counter-69f275d95a695 .odometer.odometer-auto-theme.odometer-animating-up .odometer-ribbon-inner,\n\t\t\t#thb-counter-69f275d95a695 .odometer.odometer-theme-minimal.odometer-animating-up .odometer-ribbon-inner {\n\t\t\t\ttransition: transform 2s;\n\t\t\t}\n\t\t\t\t\t\t\t\t\t\t\t\t\t\t<\/style>\n\t<\/div>\n\t[\/vc_column][vc_column width=&#8221;1\/3&#8243;]\t<div class=\"thb-counter counter-style1 thb-side left\" id=\"thb-counter-69f275d95a717\" data-separator=\"true\" data-format=\"(,ddd).dd\">\n\t\t\t\t\t<div class=\"counter-container\">\n\t\t\t\t\t\t\t\t<div class=\"h1\" data-count=\"15000\" data-speed=\"2000\">0<\/div>\n\t\t\t\t\t\t\t<\/div>\n\t\t\t<h6>Bee colonies<\/h6>\n\t\t\t\t\t\t\t\t\t\t<style>\n\t\t\t#thb-counter-69f275d95a717 .odometer.odometer-auto-theme.odometer-animating-up .odometer-ribbon-inner,\n\t\t\t#thb-counter-69f275d95a717 .odometer.odometer-theme-minimal.odometer-animating-up .odometer-ribbon-inner {\n\t\t\t\ttransition: transform 2s;\n\t\t\t}\n\t\t\t\t\t\t\t\t\t\t\t\t\t\t<\/style>\n\t<\/div>\n\t[\/vc_column][\/vc_row][vc_row thb_full_width=&#8221;true&#8221; thb_row_padding=&#8221;true&#8221; thb_column_padding=&#8221;true&#8221; css=&#8221;.vc_custom_1748767403635{padding-top: 10vh !important;padding-bottom: 10vh !important;}&#8221;][vc_column][vc_row_inner][vc_column_inner width=&#8221;1\/2&#8243;][vc_column_text css=&#8221;&#8221;]Bienenhof Mandl is an agricultural and forestry business run by my wonderful wife Klaudia and myself. Together we try to master the daily chaos. Our two daughters Maja and Sonja help to ensure that this task doesn&#8217;t get boring.<\/p>\n<p>With 20 full-time employees (a little more in summer, a little less in winter), we look after around 15,000 bee colonies and around 70 hectares of forest. We are a pure primary producer of honey, beeswax, propolis, pollen, queens and bee colonies and not a trader.<\/p>\n<p>I started keeping bees around 30 years ago with a colony in Styria and later completed my training at the University of Natural Resources and Life Sciences with my dissertation: \u201cThe pollination performance of the honey bee\u201d.<\/p>\n<p>I trained as a master beekeeper at the Vienna Beekeeping School and the Lower Austrian Beekeeping School in Warth. My training as a forestry specialist was made possible by the Pyhra agricultural college.<\/p>\n<p>We are a beekeeping training company (we usually have two to three beekeeping apprentices) and the largest breeding and testing company for honey bees.[\/vc_column_text][vc_empty_space][\/vc_column_inner][vc_column_inner width=&#8221;1\/4&#8243;][vc_single_image image=&#8221;2045&#8243; img_size=&#8221;400&#215;400&#8243; add_caption=&#8221;yes&#8221; onclick=&#8221;link_image&#8221; css_animation=&#8221;none&#8221; css=&#8221;&#8221;][\/vc_column_inner][vc_column_inner width=&#8221;1\/4&#8243;][vc_single_image image=&#8221;2035&#8243; img_size=&#8221;400&#215;400&#8243; add_caption=&#8221;yes&#8221; onclick=&#8221;link_image&#8221; css=&#8221;&#8221;][\/vc_column_inner][\/vc_row_inner][\/vc_column][\/vc_row][vc_row thb_full_width=&#8221;true&#8221; thb_row_padding=&#8221;true&#8221; thb_column_padding=&#8221;true&#8221; css=&#8221;.vc_custom_1743583868318{padding-top: 10vh !important;padding-bottom: 10vh !important;background-color: #EEDFCC !important;}&#8221;][vc_column][vc_row_inner][vc_column_inner width=&#8221;1\/2&#8243;][vc_column_text css=&#8221;&#8221;]The data of our queens can be viewed publicly in the international <a href=\"https:\/\/www.bienen.at\/en\/queen-rearing\/\">breeding database beebreed.eu.<\/a> There we form the <strong>breeder group AT-2<\/strong> Bienenhof Mandl in the<strong>Carnica<\/strong> <strong>population <\/strong> of<strong>Austrian professional beekeepers<\/strong> with close friends.<\/p>\n<p>Our focus in beekeeping is on the vitality of the bee colonies, which includes Varroa resistance and resistance to various bee diseases. A striking feature of this is the increased propolis production of our colonies, which we consciously promote.<\/p>\n<p>As we live from the surplus honey produced by our bees, the honey yield is an important indicator in breeding.<\/p>\n<p>In addition to these features, we are also committed to preserving the historic Austrian lines. We still run the lines: Wintersbach, Bukovsek, Gesch\u00fctz, Troiseck, C1 and Putz.[\/vc_column_text][vc_empty_space][\/vc_column_inner][vc_column_inner width=&#8221;1\/4&#8243;][vc_single_image image=&#8221;1977&#8243; img_size=&#8221;400&#215;400&#8243; add_caption=&#8221;yes&#8221; onclick=&#8221;link_image&#8221; css=&#8221;&#8221;][\/vc_column_inner][vc_column_inner width=&#8221;1\/4&#8243;][vc_single_image image=&#8221;2041&#8243; img_size=&#8221;400&#215;400&#8243; add_caption=&#8221;yes&#8221; onclick=&#8221;link_image&#8221; css=&#8221;&#8221;][\/vc_column_inner][\/vc_row_inner][\/vc_column][\/vc_row][vc_row thb_full_width=&#8221;true&#8221; thb_row_padding=&#8221;true&#8221; thb_column_padding=&#8221;true&#8221; css=&#8221;.vc_custom_1747994810437{padding-top: 10vh !important;padding-bottom: 10vh !important;}&#8221;][vc_column][vc_row_inner][vc_column_inner width=&#8221;1\/2&#8243;][vc_column_text css=&#8221;&#8221;]The apiary has been certified organic for many years and we want to enrich the environment with our work and not burden it. Two years ago, we had the gas supply to the apiary disconnected and we heat with a wood gasification system using our own wood from our forests.<\/p>\n<p>We are supplied with electricity from a photovoltaic system on the roof. We have already electrified part of our vehicle fleet and will continue to switch to electric vehicles in the coming years so that we no longer need diesel.<\/p>\n<p>We try to make our forest areas bee-friendly. We reforest many different types of trees and shrubs, while our bees pollinate the many different flowers and thus contribute to increasing biodiversity.<\/p>\n<p>We leave old and dying trees in our bee forests and can therefore enjoy a variety of already rare insects and birds.[\/vc_column_text][\/vc_column_inner][vc_column_inner width=&#8221;1\/4&#8243;][vc_single_image image=&#8221;2031&#8243; img_size=&#8221;400&#215;400&#8243; add_caption=&#8221;yes&#8221; onclick=&#8221;link_image&#8221; css=&#8221;&#8221;][\/vc_column_inner][vc_column_inner width=&#8221;1\/4&#8243;][vc_single_image image=&#8221;2043&#8243; img_size=&#8221;400&#215;400&#8243; add_caption=&#8221;yes&#8221; onclick=&#8221;link_image&#8221; css=&#8221;&#8221;][vc_single_image image=&#8221;2039&#8243; img_size=&#8221;400&#215;400&#8243; add_caption=&#8221;yes&#8221; onclick=&#8221;link_image&#8221; css=&#8221;&#8221;][\/vc_column_inner][\/vc_row_inner][\/vc_column][\/vc_row][vc_row thb_full_width=&#8221;true&#8221; thb_row_padding=&#8221;true&#8221; thb_column_padding=&#8221;true&#8221; css=&#8221;.vc_custom_1743583868318{padding-top: 10vh !important;padding-bottom: 10vh !important;background-color: #EEDFCC !important;}&#8221;][vc_column][vc_row_inner][vc_column_inner width=&#8221;1\/2&#8243;][vc_column_text css=&#8221;&#8221;]Our beehives look shabby, we make them from unplaned boards and do not paint them. Some of our hives have been in use for over 20 years and look correspondingly worn. The bees use the various holes created by mice, woodpeckers or beetles in our hives and feel as if they are in their original homes, the tree hollows.<\/p>\n<p>Years ago, we carried out a study and found that significantly more ants and also more ant species live in our apiaries than 150 m or 300 m away without bees. Keeping honey bees has a significant positive impact on increasing biodiversity.[\/vc_column_text][vc_empty_space][\/vc_column_inner][vc_column_inner width=&#8221;1\/4&#8243;][vc_single_image image=&#8221;2033&#8243; img_size=&#8221;400&#215;400&#8243; add_caption=&#8221;yes&#8221; onclick=&#8221;link_image&#8221; css=&#8221;&#8221;][\/vc_column_inner][vc_column_inner width=&#8221;1\/4&#8243;][vc_single_image image=&#8221;2037&#8243; img_size=&#8221;400&#215;400&#8243; add_caption=&#8221;yes&#8221; onclick=&#8221;link_image&#8221; css=&#8221;&#8221;][\/vc_column_inner][\/vc_row_inner][\/vc_column][\/vc_row][vc_row thb_full_width=&#8221;true&#8221; thb_row_padding=&#8221;true&#8221; thb_column_padding=&#8221;true&#8221; css=&#8221;.vc_custom_1747994810437{padding-top: 10vh !important;padding-bottom: 10vh !important;}&#8221;][vc_column][vc_row_inner][vc_column_inner width=&#8221;1\/2&#8243;][vc_column_text css=&#8221;&#8221;]We fill our honey into jars ourselves at the apiary and deliver it to Spar Austria. As a result, our honey has been available throughout Austria for many years and we are very grateful for this cooperation. Thanks to the many tourists in Austria who take jars of honey home with them as souvenirs from Spar, our honey makes it all over the world and I am always amazed at where we get friendly and warm feedback from.<\/p>\n<div>\n<p>So I hope that we can experience many more wonderful years with our bees and trees.<\/p>\n<p>&nbsp;<\/p>\n<\/div>\n<p style=\"text-align: center;\"><strong>Your Stefan Mandl<\/strong><\/p>\n[\/vc_column_text][\/vc_column_inner][vc_column_inner width=&#8221;1\/4&#8243;][vc_single_image image=&#8221;2029&#8243; img_size=&#8221;400&#215;400&#8243; add_caption=&#8221;yes&#8221; onclick=&#8221;link_image&#8221; css=&#8221;&#8221;][\/vc_column_inner][vc_column_inner width=&#8221;1\/4&#8243;][vc_single_image image=&#8221;1713&#8243; img_size=&#8221;400&#215;400&#8243; add_caption=&#8221;yes&#8221; onclick=&#8221;link_image&#8221; css=&#8221;&#8221;][\/vc_column_inner][\/vc_row_inner][\/vc_column][\/vc_row]\n<\/div>","protected":false},"excerpt":{"rendered":"<p>[vc_row thb_full_width=&#8221;true&#8221; thb_row_padding=&#8221;true&#8221; thb_column_padding=&#8221;true&#8221; css=&#8221;.vc_custom_1743520876927{background-image: url(https:\/\/www.bienen.at\/wp-content\/uploads\/2022\/02\/bg_mandl.jpg?id=166) !important;}&#8221;][vc_column][vc_empty_space height=&#8221;250px&#8221;][vc_row_inner el_class=&#8221;text-center&#8221;][vc_column_inner width=&#8221;1\/6&#8243;][\/vc_column_inner][vc_column_inner thb_color=&#8221;thb-light-column&#8221; fixed=&#8221;thb-fixed&#8221; el_class=&#8221;text-center&#8221; width=&#8221;2\/3&#8243; css=&#8221;.vc_custom_1743517163933{border-top-width: 3px !important;border-right-width: 3px !important;border-bottom-width: 3px !important;border-left-width: 3px !important;padding-top: 4% !important;padding-right: 2% !important;padding-left: 5% !important;background-position: center !important;background-repeat: no-repeat !important;background-size: cover !important;border-left-style: solid !important;border-right-style: solid !important;border-top-style: solid !important;border-bottom-style: solid !important;border-radius: 2px !important;border-color: #FFFFFF !important;}&#8221;][vc_column_text css=&#8221;&#8221; animation=&#8221;animation left-to-right&#8221;] Bienenhof Mandl A little background&hellip;<\/p>\n","protected":false},"author":1,"featured_media":0,"parent":0,"menu_order":0,"comment_status":"closed","ping_status":"closed","template":"","meta":{"footnotes":""},"class_list":["post-2016","page","type-page","status-publish","hentry"],"yoast_head":"<!-- This site is optimized with the Yoast SEO plugin v27.0 - https:\/\/yoast.com\/product\/yoast-seo-wordpress\/ -->\n<title>About us - Bienenhof Mandl<\/title>\n<meta name=\"robots\" content=\"index, follow, max-snippet:-1, max-image-preview:large, max-video-preview:-1\" \/>\n<link rel=\"canonical\" href=\"https:\/\/www.bienen.at\/en\/about-us\/\" \/>\n<meta property=\"og:locale\" content=\"en_US\" \/>\n<meta property=\"og:type\" content=\"article\" \/>\n<meta property=\"og:title\" content=\"About us - Bienenhof Mandl\" \/>\n<meta property=\"og:description\" content=\"[vc_row thb_full_width=&#8221;true&#8221; thb_row_padding=&#8221;true&#8221; thb_column_padding=&#8221;true&#8221; css=&#8221;.vc_custom_1743520876927{background-image: url(https:\/\/www.bienen.at\/wp-content\/uploads\/2022\/02\/bg_mandl.jpg?id=166) !important;}&#8221;][vc_column][vc_empty_space height=&#8221;250px&#8221;][vc_row_inner el_class=&#8221;text-center&#8221;][vc_column_inner width=&#8221;1\/6&#8243;][\/vc_column_inner][vc_column_inner thb_color=&#8221;thb-light-column&#8221; fixed=&#8221;thb-fixed&#8221; el_class=&#8221;text-center&#8221; width=&#8221;2\/3&#8243; css=&#8221;.vc_custom_1743517163933{border-top-width: 3px !important;border-right-width: 3px !important;border-bottom-width: 3px !important;border-left-width: 3px !important;padding-top: 4% !important;padding-right: 2% !important;padding-left: 5% !important;background-position: center !important;background-repeat: no-repeat !important;background-size: cover !important;border-left-style: solid !important;border-right-style: solid !important;border-top-style: solid !important;border-bottom-style: solid !important;border-radius: 2px !important;border-color: #FFFFFF !important;}&#8221;][vc_column_text css=&#8221;&#8221; animation=&#8221;animation left-to-right&#8221;] Bienenhof Mandl A little background&hellip;\" \/>\n<meta property=\"og:url\" content=\"https:\/\/www.bienen.at\/en\/about-us\/\" \/>\n<meta property=\"og:site_name\" content=\"Bienenhof Mandl\" \/>\n<meta property=\"article:publisher\" content=\"https:\/\/www.facebook.com\/bienen.at\" \/>\n<meta property=\"article:modified_time\" content=\"2025-06-01T09:37:44+00:00\" \/>\n<meta name=\"twitter:card\" content=\"summary_large_image\" \/>\n<meta name=\"twitter:label1\" content=\"Est. reading time\" \/>\n\t<meta name=\"twitter:data1\" content=\"5 minutes\" \/>\n<script type=\"application\/ld+json\" class=\"yoast-schema-graph\">{\"@context\":\"https:\/\/schema.org\",\"@graph\":[{\"@type\":\"WebPage\",\"@id\":\"https:\/\/www.bienen.at\/en\/about-us\/\",\"url\":\"https:\/\/www.bienen.at\/en\/about-us\/\",\"name\":\"About us - Bienenhof Mandl\",\"isPartOf\":{\"@id\":\"https:\/\/www.bienen.at\/en\/#website\"},\"datePublished\":\"2025-06-01T09:34:19+00:00\",\"dateModified\":\"2025-06-01T09:37:44+00:00\",\"breadcrumb\":{\"@id\":\"https:\/\/www.bienen.at\/en\/about-us\/#breadcrumb\"},\"inLanguage\":\"en-US\",\"potentialAction\":[{\"@type\":\"ReadAction\",\"target\":[\"https:\/\/www.bienen.at\/en\/about-us\/\"]}]},{\"@type\":\"BreadcrumbList\",\"@id\":\"https:\/\/www.bienen.at\/en\/about-us\/#breadcrumb\",\"itemListElement\":[{\"@type\":\"ListItem\",\"position\":1,\"name\":\"Startseite\",\"item\":\"https:\/\/www.bienen.at\/en\/\"},{\"@type\":\"ListItem\",\"position\":2,\"name\":\"About us\"}]},{\"@type\":\"WebSite\",\"@id\":\"https:\/\/www.bienen.at\/en\/#website\",\"url\":\"https:\/\/www.bienen.at\/en\/\",\"name\":\"Bienenhof Mandl\",\"description\":\"\u00d6sterreichs gr\u00f6\u00dfte Bio-Imkerei\",\"publisher\":{\"@id\":\"https:\/\/www.bienen.at\/en\/#organization\"},\"potentialAction\":[{\"@type\":\"SearchAction\",\"target\":{\"@type\":\"EntryPoint\",\"urlTemplate\":\"https:\/\/www.bienen.at\/en\/?s={search_term_string}\"},\"query-input\":{\"@type\":\"PropertyValueSpecification\",\"valueRequired\":true,\"valueName\":\"search_term_string\"}}],\"inLanguage\":\"en-US\"},{\"@type\":\"Organization\",\"@id\":\"https:\/\/www.bienen.at\/en\/#organization\",\"name\":\"Bienenhof Mandl\",\"url\":\"https:\/\/www.bienen.at\/en\/\",\"logo\":{\"@type\":\"ImageObject\",\"inLanguage\":\"en-US\",\"@id\":\"https:\/\/www.bienen.at\/en\/#\/schema\/logo\/image\/\",\"url\":\"https:\/\/www.bienen.at\/wp-content\/uploads\/2022\/05\/bienenat.png\",\"contentUrl\":\"https:\/\/www.bienen.at\/wp-content\/uploads\/2022\/05\/bienenat.png\",\"width\":778,\"height\":193,\"caption\":\"Bienenhof Mandl\"},\"image\":{\"@id\":\"https:\/\/www.bienen.at\/en\/#\/schema\/logo\/image\/\"},\"sameAs\":[\"https:\/\/www.facebook.com\/bienen.at\"]}]}<\/script>\n<!-- \/ Yoast SEO plugin. -->","yoast_head_json":{"title":"About us - Bienenhof Mandl","robots":{"index":"index","follow":"follow","max-snippet":"max-snippet:-1","max-image-preview":"max-image-preview:large","max-video-preview":"max-video-preview:-1"},"canonical":"https:\/\/www.bienen.at\/en\/about-us\/","og_locale":"en_US","og_type":"article","og_title":"About us - Bienenhof Mandl","og_description":"[vc_row thb_full_width=&#8221;true&#8221; thb_row_padding=&#8221;true&#8221; thb_column_padding=&#8221;true&#8221; css=&#8221;.vc_custom_1743520876927{background-image: url(https:\/\/www.bienen.at\/wp-content\/uploads\/2022\/02\/bg_mandl.jpg?id=166) !important;}&#8221;][vc_column][vc_empty_space height=&#8221;250px&#8221;][vc_row_inner el_class=&#8221;text-center&#8221;][vc_column_inner width=&#8221;1\/6&#8243;][\/vc_column_inner][vc_column_inner thb_color=&#8221;thb-light-column&#8221; fixed=&#8221;thb-fixed&#8221; el_class=&#8221;text-center&#8221; width=&#8221;2\/3&#8243; css=&#8221;.vc_custom_1743517163933{border-top-width: 3px !important;border-right-width: 3px !important;border-bottom-width: 3px !important;border-left-width: 3px !important;padding-top: 4% !important;padding-right: 2% !important;padding-left: 5% !important;background-position: center !important;background-repeat: no-repeat !important;background-size: cover !important;border-left-style: solid !important;border-right-style: solid !important;border-top-style: solid !important;border-bottom-style: solid !important;border-radius: 2px !important;border-color: #FFFFFF !important;}&#8221;][vc_column_text css=&#8221;&#8221; animation=&#8221;animation left-to-right&#8221;] Bienenhof Mandl A little background&hellip;","og_url":"https:\/\/www.bienen.at\/en\/about-us\/","og_site_name":"Bienenhof Mandl","article_publisher":"https:\/\/www.facebook.com\/bienen.at","article_modified_time":"2025-06-01T09:37:44+00:00","twitter_card":"summary_large_image","twitter_misc":{"Est. reading time":"5 minutes"},"schema":{"@context":"https:\/\/schema.org","@graph":[{"@type":"WebPage","@id":"https:\/\/www.bienen.at\/en\/about-us\/","url":"https:\/\/www.bienen.at\/en\/about-us\/","name":"About us - Bienenhof Mandl","isPartOf":{"@id":"https:\/\/www.bienen.at\/en\/#website"},"datePublished":"2025-06-01T09:34:19+00:00","dateModified":"2025-06-01T09:37:44+00:00","breadcrumb":{"@id":"https:\/\/www.bienen.at\/en\/about-us\/#breadcrumb"},"inLanguage":"en-US","potentialAction":[{"@type":"ReadAction","target":["https:\/\/www.bienen.at\/en\/about-us\/"]}]},{"@type":"BreadcrumbList","@id":"https:\/\/www.bienen.at\/en\/about-us\/#breadcrumb","itemListElement":[{"@type":"ListItem","position":1,"name":"Startseite","item":"https:\/\/www.bienen.at\/en\/"},{"@type":"ListItem","position":2,"name":"About us"}]},{"@type":"WebSite","@id":"https:\/\/www.bienen.at\/en\/#website","url":"https:\/\/www.bienen.at\/en\/","name":"Bienenhof Mandl","description":"\u00d6sterreichs gr\u00f6\u00dfte Bio-Imkerei","publisher":{"@id":"https:\/\/www.bienen.at\/en\/#organization"},"potentialAction":[{"@type":"SearchAction","target":{"@type":"EntryPoint","urlTemplate":"https:\/\/www.bienen.at\/en\/?s={search_term_string}"},"query-input":{"@type":"PropertyValueSpecification","valueRequired":true,"valueName":"search_term_string"}}],"inLanguage":"en-US"},{"@type":"Organization","@id":"https:\/\/www.bienen.at\/en\/#organization","name":"Bienenhof Mandl","url":"https:\/\/www.bienen.at\/en\/","logo":{"@type":"ImageObject","inLanguage":"en-US","@id":"https:\/\/www.bienen.at\/en\/#\/schema\/logo\/image\/","url":"https:\/\/www.bienen.at\/wp-content\/uploads\/2022\/05\/bienenat.png","contentUrl":"https:\/\/www.bienen.at\/wp-content\/uploads\/2022\/05\/bienenat.png","width":778,"height":193,"caption":"Bienenhof Mandl"},"image":{"@id":"https:\/\/www.bienen.at\/en\/#\/schema\/logo\/image\/"},"sameAs":["https:\/\/www.facebook.com\/bienen.at"]}]}},"_links":{"self":[{"href":"https:\/\/www.bienen.at\/en\/wp-json\/wp\/v2\/pages\/2016","targetHints":{"allow":["GET"]}}],"collection":[{"href":"https:\/\/www.bienen.at\/en\/wp-json\/wp\/v2\/pages"}],"about":[{"href":"https:\/\/www.bienen.at\/en\/wp-json\/wp\/v2\/types\/page"}],"author":[{"embeddable":true,"href":"https:\/\/www.bienen.at\/en\/wp-json\/wp\/v2\/users\/1"}],"replies":[{"embeddable":true,"href":"https:\/\/www.bienen.at\/en\/wp-json\/wp\/v2\/comments?post=2016"}],"version-history":[{"count":8,"href":"https:\/\/www.bienen.at\/en\/wp-json\/wp\/v2\/pages\/2016\/revisions"}],"predecessor-version":[{"id":2058,"href":"https:\/\/www.bienen.at\/en\/wp-json\/wp\/v2\/pages\/2016\/revisions\/2058"}],"wp:attachment":[{"href":"https:\/\/www.bienen.at\/en\/wp-json\/wp\/v2\/media?parent=2016"}],"curies":[{"name":"wp","href":"https:\/\/api.w.org\/{rel}","templated":true}]}}