{"id":2071,"date":"2022-03-17T18:33:21","date_gmt":"2022-03-17T18:33:21","guid":{"rendered":"https:\/\/www.bienen.at\/privacy-policy\/"},"modified":"2025-06-01T10:07:52","modified_gmt":"2025-06-01T10:07:52","slug":"privacy-policy","status":"publish","type":"page","link":"https:\/\/www.bienen.at\/en\/privacy-policy\/","title":{"rendered":"Privacy policy"},"content":{"rendered":"<div class=\"wpb-content-wrapper\">[vc_row][vc_column][vc_empty_space][vc_column_text css=&#8221;&#8221;]\n<h1>Data protection<\/h1>\n[\/vc_column_text][\/vc_column][\/vc_row][vc_row][vc_column][vc_column_text css=&#8221;&#8221;]Wir freuen uns \u00fcber Ihr Interesse an unserer Website. Da uns der Schutz Ihrer Privatsph\u00e4re sehr wichtig ist, informieren wir Sie gerne ausf\u00fchrlich \u00fcber den Umgang mit Ihren Daten und versichern Ihnen, dass wir Ihre personenbezogenen Daten vertraulich behandeln.<\/p>\n<p>Wir verarbeiten Ihre Daten ausschlie\u00dflich auf Grundlage der gesetzlichen Bestimmungen (DSGVO, TKG 2003), weisen Sie allerdings darauf hin, dass die Daten\u00fcbertragung im Internet grunds\u00e4tzlich mit Sicherheitsl\u00fccken bedacht sein kann und ein vollumf\u00e4nglicher Schutz vor dem Zugriff durch Fremde nicht realisierbar ist.<\/p>\n<p>Wir bitten Sie die folgenden Informationen zum Datenschutz auf unserer Website zur Kenntnis zu nehmen:<\/p>\n<p>Die Nutzung von <a href=\"http:\/\/www.bienen.at\">www.bienen.at<\/a> (im Folgenden kurz \u201eWebsite\u201c) inklusive aller Unterseiten ist grunds\u00e4tzlich ohne Angabe von personenbezogenen Daten m\u00f6glich. Inhaber und Betreiber der Website ist: BienenHof Mandl GmbH (im Folgenden kurz \u201eMANDL\u201c) \u2013 Alle Kontaktinformationen und weiteren Daten finden Sie im <a href=\"https:\/\/www.bienen.at\/en\/imprint\/\">Impressum<\/a>.<\/p>\n<h2>ZUGRIFFSDATEN<\/h2>\n<p>Der Websitebetreiber bzw. Seitenprovider erhebt Daten \u00fcber Zugriffe auf die Seite und speichert diese als \u201eServer-Logfiles\u201c ab. Folgende Daten werden so protokolliert:<\/p>\n<ul>\n<li>Besuchte Website<\/li>\n<li>Uhrzeit zum Zeitpunkt des Zugriffes<\/li>\n<li>Menge der gesendeten Daten in Byte<\/li>\n<li>Quelle\/Verweis, von welchem Sie auf die Seite gelangten<\/li>\n<li>Verwendeter Browser<\/li>\n<li>Verwendetes Betriebssystem<\/li>\n<li>Verwendete IP-Adresse<\/li>\n<\/ul>\n<p>Die erhobenen Daten dienen lediglich statistischen Auswertungen und zur Verbesserung der Website. Der Websitebetreiber beh\u00e4lt sich allerdings vor, die Server-Logfiles nachtr\u00e4glich zu \u00fcberpr\u00fcfen, sollten konkrete Anhaltspunkte auf eine rechtswidrige Nutzung hinweisen.<\/p>\n<h2>UMGANG MIT PERSONENBEZOGENEN DATEN<\/h2>\n<p>Wenn Sie per Formular auf unserer Website oder per E-Mail Kontakt mit uns aufnehmen, werden Ihre angegebenen personenbezogenen Daten zwecks Bearbeitung der Anfrage und f\u00fcr den Fall von Anschlussfragen sechs Monate bei uns gespeichert. Diese Daten geben wir nicht ohne Ihre Einwilligung an Dritte weiter.<\/p>\n<p>Als personenbezogene Daten gelten s\u00e4mtliche Informationen, welche dazu dienen, Ihre Person zu bestimmen und welche zu Ihnen zur\u00fcckverfolgt werden k\u00f6nnen: Beispielsweise Ihr Name, Ihre E-Mail-Adresse und Telefonnummer.<\/p>\n<h2>COOKIES<\/h2>\n<p>Beim Besuch unserer Website werden Informationen in Form eines Cookies innerhalb Ihrer Browser-Software auf Ihrem Computer abgelegt. Ein Cookie ist eine kleine Datei aus Zahlen und Buchstaben, welche beim Zugriff bestimmter Websites auf ein Ger\u00e4t (z.B. Computer, Smartphone) heruntergeladen wird. Cookies erlauben einer Website, das Ger\u00e4t eines Benutzers zu erkennen und helfen der Website sich an Informationen \u00fcber Pr\u00e4ferenzen zu erinnern. Das hei\u00dft, Sie m\u00fcssen Ihre Auswahl an Pr\u00e4ferenzen beim Aufrufen der Website nicht jedes Mal neu eingeben. Die Dateien sind jedoch keiner bestimmten Person zuzuordnen. Durch den Einsatz von Cookies erh\u00f6ht sich die Benutzerfreundlichkeit und Sicherheit unserer Website.<\/p>\n<p>Es gibt viele verschiedene Arten von Cookies. Unsere Website verwendet folgende Arten:<\/p>\n<ul>\n<li>Session Cookies:\u00a0Dabei handelt es sich um tempor\u00e4re Cookies, die nur in der Periode existieren, in der Sie auf die Website zugreifen bzw. bis Sie den Browser nach dem Zugriff auf die Website schlie\u00dfen. Diese Cookies helfen unserer Website sich zu erinnern, was Sie auf der vorherigen Seite eingegeben haben und vermeidet damit die wiederholte Eingabe von Informationen.<\/li>\n<li>Tracking Cookies:\u00a0Diese werden verwendet um sinnvolle Auswertungen \u00fcber die Nutzung der Website zu bieten. Wir verwenden dabei Google Analytics zum Tracken unserer Website. Wenn Sie genau wissen wollen, wie Google Cookies verwendet, lesen Sie hier bitte die st\u00e4ndig aktualisierten Informationen:\u00a0<a href=\"https:\/\/www.google.com\/policies\/technologies\/cookies\/\" target=\"_blank\" rel=\"noopener noreferrer\">https:\/\/www.google.com\/policies\/technologies\/cookies\/<\/a><\/li>\n<\/ul>\n<p>Die meisten Browser sind so eingestellt, dass sie Cookies automatisch akzeptieren. Wir verwenden Cookies nicht, um pers\u00f6nliche Informationen \u00fcber Sie zu sammeln, die Sie identifizieren. Wollen Sie dennoch, die von der Website eingestellten Cookies beschr\u00e4nken, blockieren oder bereits erzeugte Cookies l\u00f6schen, dann k\u00f6nnen Sie dies \u00fcber die Einstellungen Ihres Browsers tun. Die Hilfe-Funktion Ihres Browsers oder das Handbuch Ihres Mobiltelefons k\u00f6nnen Ihnen mehr dazu sagen. Dar\u00fcber hinaus besteht f\u00fcr Sie die M\u00f6glichkeit, die gespeicherten Cookies jederzeit von Ihrer Festplatte zu l\u00f6schen. Durch die Deaktivierung von Cookies kann es zu einer eingeschr\u00e4nkten Nutzung der Webseite kommen.<\/p>\n<h2>NUTZUNG VON MATOMO<\/h2>\n<p>Unsere Website verwendet Matomo, eine datenschutzfreundliche Webanalyse-Software, um das Nutzerverhalten auf unserer Seite auszuwerten und unser Angebot kontinuierlich zu verbessern. Die Verarbeitung erfolgt auf Grundlage unseres berechtigten Interesses gem\u00e4\u00df Art. 6 Abs. 1 lit. f DSGVO. Dabei werden keine personenbezogenen Daten an Dritte weitergegeben. Ihre IP-Adresse wird vor der Speicherung anonymisiert. Sie haben jederzeit die M\u00f6glichkeit, der Erfassung Ihrer Daten durch Matomo zu widersprechen.<\/p>\n<h2>RECHTE DES NUTZERS: AUSKUNFT, BERICHTIGUNG UND L\u00d6SCHUNG<\/h2>\n<p>Sie als Nutzer erhalten auf Antrag Ihrerseits kostenlose Auskunft dar\u00fcber, welche personenbezogenen Daten \u00fcber Sie gespeichert wurden. Sofern Ihr Wunsch nicht mit einer gesetzlichen Pflicht zur Aufbewahrung von Daten (z. B. Vorratsdatenspeicherung) kollidiert, haben Sie ein Anrecht auf Berichtigung falscher Daten und auf die Sperrung oder L\u00f6schung Ihrer personenbezogenen Daten. Ebenso k\u00f6nnen Sie dieser Datenschutzerkl\u00e4rung widersprechen.<\/p>\n<p>Sie erreichen uns unter folgenden Kontaktdaten:<\/p>\n<p><strong>BienenHof Mandl GmbH<\/strong><br \/>\nH\u00f6rmgasse 67<br \/>\n2512 Traiskirchen<br \/>\nE-Mail: <a href=\"mailto:stefanmandl@yahoo.de\">stefanmandl@yahoo.de<\/a><\/p>\n<p>Wenn Sie glauben, dass die Verarbeitung Ihrer Daten gegen das Datenschutzrecht verst\u00f6\u00dft oder Ihre datenschutzrechtlichen Anspr\u00fcche sonst in einer Weise verletzt worden sind, k\u00f6nnen Sie sich bei der Aufsichtsbeh\u00f6rde beschweren. In \u00d6sterreich ist dies die:<\/p>\n<p>\u00d6sterreichische Datenschutzbeh\u00f6rde<br \/>\nBarichgasse 40-42<br \/>\n1030 Wien<br \/>\nTelefon:\u00a0<a href=\"tel:+431521520\">+43 1 521 52-0<\/a><br \/>\nE:\u00a0<a href=\"mailto:dsb@dsb.gv.at\">dsb@dsb.gv.at<\/a><br \/>\nW:\u00a0<a href=\"http:\/\/www.dsb.gv.at\/\" target=\"_blank\" rel=\"noopener noreferrer\">https:\/\/www.dsb.gv.at\/\u00a0<\/a>[\/vc_column_text][\/vc_column][\/vc_row]\n<\/div>","protected":false},"excerpt":{"rendered":"<p>[vc_row][vc_column][vc_empty_space][vc_column_text css=&#8221;&#8221;] Data protection [\/vc_column_text][\/vc_column][\/vc_row][vc_row][vc_column][vc_column_text css=&#8221;&#8221;]Wir freuen uns \u00fcber Ihr Interesse an unserer Website. Da uns der Schutz Ihrer Privatsph\u00e4re sehr wichtig ist, informieren wir Sie gerne ausf\u00fchrlich \u00fcber den Umgang mit Ihren Daten und versichern Ihnen, dass wir Ihre personenbezogenen Daten vertraulich behandeln. Wir verarbeiten Ihre Daten ausschlie\u00dflich auf Grundlage der gesetzlichen Bestimmungen (DSGVO,&hellip;<\/p>\n","protected":false},"author":1,"featured_media":0,"parent":0,"menu_order":0,"comment_status":"closed","ping_status":"closed","template":"","meta":{"footnotes":""},"class_list":["post-2071","page","type-page","status-publish","hentry"],"yoast_head":"<!-- This site is optimized with the Yoast SEO plugin v27.0 - https:\/\/yoast.com\/product\/yoast-seo-wordpress\/ -->\n<title>Privacy policy - Bienenhof Mandl<\/title>\n<meta name=\"robots\" content=\"index, follow, max-snippet:-1, max-image-preview:large, max-video-preview:-1\" \/>\n<link rel=\"canonical\" href=\"https:\/\/www.bienen.at\/en\/privacy-policy\/\" \/>\n<meta property=\"og:locale\" content=\"en_US\" \/>\n<meta property=\"og:type\" content=\"article\" \/>\n<meta property=\"og:title\" content=\"Privacy policy - Bienenhof Mandl\" \/>\n<meta property=\"og:description\" content=\"[vc_row][vc_column][vc_empty_space][vc_column_text css=&#8221;&#8221;] Data protection [\/vc_column_text][\/vc_column][\/vc_row][vc_row][vc_column][vc_column_text css=&#8221;&#8221;]Wir freuen uns \u00fcber Ihr Interesse an unserer Website. Da uns der Schutz Ihrer Privatsph\u00e4re sehr wichtig ist, informieren wir Sie gerne ausf\u00fchrlich \u00fcber den Umgang mit Ihren Daten und versichern Ihnen, dass wir Ihre personenbezogenen Daten vertraulich behandeln. Wir verarbeiten Ihre Daten ausschlie\u00dflich auf Grundlage der gesetzlichen Bestimmungen (DSGVO,&hellip;\" \/>\n<meta property=\"og:url\" content=\"https:\/\/www.bienen.at\/en\/privacy-policy\/\" \/>\n<meta property=\"og:site_name\" content=\"Bienenhof Mandl\" \/>\n<meta property=\"article:publisher\" content=\"https:\/\/www.facebook.com\/bienen.at\" \/>\n<meta property=\"article:modified_time\" content=\"2025-06-01T10:07:52+00:00\" \/>\n<meta name=\"twitter:card\" content=\"summary_large_image\" \/>\n<meta name=\"twitter:label1\" content=\"Est. reading time\" \/>\n\t<meta name=\"twitter:data1\" content=\"4 minutes\" \/>\n<script type=\"application\/ld+json\" class=\"yoast-schema-graph\">{\"@context\":\"https:\/\/schema.org\",\"@graph\":[{\"@type\":\"WebPage\",\"@id\":\"https:\/\/www.bienen.at\/en\/privacy-policy\/\",\"url\":\"https:\/\/www.bienen.at\/en\/privacy-policy\/\",\"name\":\"Privacy policy - Bienenhof Mandl\",\"isPartOf\":{\"@id\":\"https:\/\/www.bienen.at\/en\/#website\"},\"datePublished\":\"2022-03-17T18:33:21+00:00\",\"dateModified\":\"2025-06-01T10:07:52+00:00\",\"breadcrumb\":{\"@id\":\"https:\/\/www.bienen.at\/en\/privacy-policy\/#breadcrumb\"},\"inLanguage\":\"en-US\",\"potentialAction\":[{\"@type\":\"ReadAction\",\"target\":[\"https:\/\/www.bienen.at\/en\/privacy-policy\/\"]}]},{\"@type\":\"BreadcrumbList\",\"@id\":\"https:\/\/www.bienen.at\/en\/privacy-policy\/#breadcrumb\",\"itemListElement\":[{\"@type\":\"ListItem\",\"position\":1,\"name\":\"Startseite\",\"item\":\"https:\/\/www.bienen.at\/en\/\"},{\"@type\":\"ListItem\",\"position\":2,\"name\":\"Privacy policy\"}]},{\"@type\":\"WebSite\",\"@id\":\"https:\/\/www.bienen.at\/en\/#website\",\"url\":\"https:\/\/www.bienen.at\/en\/\",\"name\":\"Bienenhof Mandl\",\"description\":\"\u00d6sterreichs gr\u00f6\u00dfte Bio-Imkerei\",\"publisher\":{\"@id\":\"https:\/\/www.bienen.at\/en\/#organization\"},\"potentialAction\":[{\"@type\":\"SearchAction\",\"target\":{\"@type\":\"EntryPoint\",\"urlTemplate\":\"https:\/\/www.bienen.at\/en\/?s={search_term_string}\"},\"query-input\":{\"@type\":\"PropertyValueSpecification\",\"valueRequired\":true,\"valueName\":\"search_term_string\"}}],\"inLanguage\":\"en-US\"},{\"@type\":\"Organization\",\"@id\":\"https:\/\/www.bienen.at\/en\/#organization\",\"name\":\"Bienenhof Mandl\",\"url\":\"https:\/\/www.bienen.at\/en\/\",\"logo\":{\"@type\":\"ImageObject\",\"inLanguage\":\"en-US\",\"@id\":\"https:\/\/www.bienen.at\/en\/#\/schema\/logo\/image\/\",\"url\":\"https:\/\/www.bienen.at\/wp-content\/uploads\/2022\/05\/bienenat.png\",\"contentUrl\":\"https:\/\/www.bienen.at\/wp-content\/uploads\/2022\/05\/bienenat.png\",\"width\":778,\"height\":193,\"caption\":\"Bienenhof Mandl\"},\"image\":{\"@id\":\"https:\/\/www.bienen.at\/en\/#\/schema\/logo\/image\/\"},\"sameAs\":[\"https:\/\/www.facebook.com\/bienen.at\"]}]}<\/script>\n<!-- \/ Yoast SEO plugin. -->","yoast_head_json":{"title":"Privacy policy - Bienenhof Mandl","robots":{"index":"index","follow":"follow","max-snippet":"max-snippet:-1","max-image-preview":"max-image-preview:large","max-video-preview":"max-video-preview:-1"},"canonical":"https:\/\/www.bienen.at\/en\/privacy-policy\/","og_locale":"en_US","og_type":"article","og_title":"Privacy policy - Bienenhof Mandl","og_description":"[vc_row][vc_column][vc_empty_space][vc_column_text css=&#8221;&#8221;] Data protection [\/vc_column_text][\/vc_column][\/vc_row][vc_row][vc_column][vc_column_text css=&#8221;&#8221;]Wir freuen uns \u00fcber Ihr Interesse an unserer Website. Da uns der Schutz Ihrer Privatsph\u00e4re sehr wichtig ist, informieren wir Sie gerne ausf\u00fchrlich \u00fcber den Umgang mit Ihren Daten und versichern Ihnen, dass wir Ihre personenbezogenen Daten vertraulich behandeln. Wir verarbeiten Ihre Daten ausschlie\u00dflich auf Grundlage der gesetzlichen Bestimmungen (DSGVO,&hellip;","og_url":"https:\/\/www.bienen.at\/en\/privacy-policy\/","og_site_name":"Bienenhof Mandl","article_publisher":"https:\/\/www.facebook.com\/bienen.at","article_modified_time":"2025-06-01T10:07:52+00:00","twitter_card":"summary_large_image","twitter_misc":{"Est. reading time":"4 minutes"},"schema":{"@context":"https:\/\/schema.org","@graph":[{"@type":"WebPage","@id":"https:\/\/www.bienen.at\/en\/privacy-policy\/","url":"https:\/\/www.bienen.at\/en\/privacy-policy\/","name":"Privacy policy - Bienenhof Mandl","isPartOf":{"@id":"https:\/\/www.bienen.at\/en\/#website"},"datePublished":"2022-03-17T18:33:21+00:00","dateModified":"2025-06-01T10:07:52+00:00","breadcrumb":{"@id":"https:\/\/www.bienen.at\/en\/privacy-policy\/#breadcrumb"},"inLanguage":"en-US","potentialAction":[{"@type":"ReadAction","target":["https:\/\/www.bienen.at\/en\/privacy-policy\/"]}]},{"@type":"BreadcrumbList","@id":"https:\/\/www.bienen.at\/en\/privacy-policy\/#breadcrumb","itemListElement":[{"@type":"ListItem","position":1,"name":"Startseite","item":"https:\/\/www.bienen.at\/en\/"},{"@type":"ListItem","position":2,"name":"Privacy policy"}]},{"@type":"WebSite","@id":"https:\/\/www.bienen.at\/en\/#website","url":"https:\/\/www.bienen.at\/en\/","name":"Bienenhof Mandl","description":"\u00d6sterreichs gr\u00f6\u00dfte Bio-Imkerei","publisher":{"@id":"https:\/\/www.bienen.at\/en\/#organization"},"potentialAction":[{"@type":"SearchAction","target":{"@type":"EntryPoint","urlTemplate":"https:\/\/www.bienen.at\/en\/?s={search_term_string}"},"query-input":{"@type":"PropertyValueSpecification","valueRequired":true,"valueName":"search_term_string"}}],"inLanguage":"en-US"},{"@type":"Organization","@id":"https:\/\/www.bienen.at\/en\/#organization","name":"Bienenhof Mandl","url":"https:\/\/www.bienen.at\/en\/","logo":{"@type":"ImageObject","inLanguage":"en-US","@id":"https:\/\/www.bienen.at\/en\/#\/schema\/logo\/image\/","url":"https:\/\/www.bienen.at\/wp-content\/uploads\/2022\/05\/bienenat.png","contentUrl":"https:\/\/www.bienen.at\/wp-content\/uploads\/2022\/05\/bienenat.png","width":778,"height":193,"caption":"Bienenhof Mandl"},"image":{"@id":"https:\/\/www.bienen.at\/en\/#\/schema\/logo\/image\/"},"sameAs":["https:\/\/www.facebook.com\/bienen.at"]}]}},"_links":{"self":[{"href":"https:\/\/www.bienen.at\/en\/wp-json\/wp\/v2\/pages\/2071","targetHints":{"allow":["GET"]}}],"collection":[{"href":"https:\/\/www.bienen.at\/en\/wp-json\/wp\/v2\/pages"}],"about":[{"href":"https:\/\/www.bienen.at\/en\/wp-json\/wp\/v2\/types\/page"}],"author":[{"embeddable":true,"href":"https:\/\/www.bienen.at\/en\/wp-json\/wp\/v2\/users\/1"}],"replies":[{"embeddable":true,"href":"https:\/\/www.bienen.at\/en\/wp-json\/wp\/v2\/comments?post=2071"}],"version-history":[{"count":2,"href":"https:\/\/www.bienen.at\/en\/wp-json\/wp\/v2\/pages\/2071\/revisions"}],"predecessor-version":[{"id":2073,"href":"https:\/\/www.bienen.at\/en\/wp-json\/wp\/v2\/pages\/2071\/revisions\/2073"}],"wp:attachment":[{"href":"https:\/\/www.bienen.at\/en\/wp-json\/wp\/v2\/media?parent=2071"}],"curies":[{"name":"wp","href":"https:\/\/api.w.org\/{rel}","templated":true}]}}