{"id":1744,"date":"2022-03-11T15:51:57","date_gmt":"2022-03-11T15:51:57","guid":{"rendered":"https:\/\/mandl.web15.mehrdafon.com\/produkt\/queen\/"},"modified":"2022-03-11T15:51:57","modified_gmt":"2022-03-11T15:51:57","slug":"queen","status":"publish","type":"product","link":"https:\/\/www.bienen.at\/en\/produkt\/queen\/","title":{"rendered":"Queen"},"content":{"rendered":"<p>Our queens are daughters of selected purebred queens with a high varroa index and are of course also certified organic.<\/p>\n<p>They are characterized by increased varroa tolerance, special gentleness, very good comb fit, hardly any tendency to swarm and very good honey yield.<\/p>\n<p>The dam&#8217;s studbook number is sent with the purchase so that the breeding values and pedigree can be viewed on beebreed.eu.<\/p>\n<p>We also use our queens in our commercial apiary, where high quality is a business necessity for us.<\/p>\n<p>The queens can be collected from our farm in Traiskirchen or sent to Austria or Germany by post (other countries on request). <u>Depending on the selected option, the prices already include shipping<\/u>.<\/p>\n<p>Our queens are almost always available during the season, we will contact you to confirm the delivery date.<\/p>\n","protected":false},"excerpt":{"rendered":"<p>Our queens are daughters of selected purebred queens with a high varroa index and are of course also certified organic. They are characterized by increased varroa tolerance, special gentleness, very good comb fit, hardly any tendency to swarm and very good honey yield. The dam&#8217;s studbook number is sent with the purchase so that the&hellip;<\/p>\n","protected":false},"featured_media":1703,"comment_status":"closed","ping_status":"closed","template":"","meta":[],"product_brand":[],"product_cat":[245],"product_tag":[],"class_list":{"0":"post-1744","1":"product","2":"type-product","3":"status-publish","4":"has-post-thumbnail","6":"product_cat-beekeeping-supplies","8":"first","9":"instock","10":"taxable","11":"shipping-taxable","12":"purchasable","13":"product-type-variable"},"yoast_head":"<!-- This site is optimized with the Yoast SEO plugin v27.0 - https:\/\/yoast.com\/product\/yoast-seo-wordpress\/ -->\n<title>Queen - Bienenhof Mandl<\/title>\n<meta name=\"robots\" content=\"index, follow, max-snippet:-1, max-image-preview:large, max-video-preview:-1\" \/>\n<link rel=\"canonical\" href=\"https:\/\/www.bienen.at\/en\/produkt\/queen\/\" \/>\n<meta property=\"og:locale\" content=\"en_US\" \/>\n<meta property=\"og:type\" content=\"article\" \/>\n<meta property=\"og:title\" content=\"Queen - Bienenhof Mandl\" \/>\n<meta property=\"og:description\" content=\"Our queens are daughters of selected purebred queens with a high varroa index and are of course also certified organic. They are characterized by increased varroa tolerance, special gentleness, very good comb fit, hardly any tendency to swarm and very good honey yield. The dam&#8217;s studbook number is sent with the purchase so that the&hellip;\" \/>\n<meta property=\"og:url\" content=\"https:\/\/www.bienen.at\/en\/produkt\/queen\/\" \/>\n<meta property=\"og:site_name\" content=\"Bienenhof Mandl\" \/>\n<meta property=\"article:publisher\" content=\"https:\/\/www.facebook.com\/bienen.at\" \/>\n<meta property=\"og:image\" content=\"https:\/\/www.bienen.at\/wp-content\/uploads\/2022\/02\/koenigin.jpg\" \/>\n\t<meta property=\"og:image:width\" content=\"330\" \/>\n\t<meta property=\"og:image:height\" content=\"330\" \/>\n\t<meta property=\"og:image:type\" content=\"image\/jpeg\" \/>\n<meta name=\"twitter:card\" content=\"summary_large_image\" \/>\n<meta name=\"twitter:label1\" content=\"Est. reading time\" \/>\n\t<meta name=\"twitter:data1\" content=\"1 minute\" \/>\n<script type=\"application\/ld+json\" class=\"yoast-schema-graph\">{\"@context\":\"https:\/\/schema.org\",\"@graph\":[{\"@type\":\"WebPage\",\"@id\":\"https:\/\/www.bienen.at\/en\/produkt\/queen\/\",\"url\":\"https:\/\/www.bienen.at\/en\/produkt\/queen\/\",\"name\":\"Queen - Bienenhof Mandl\",\"isPartOf\":{\"@id\":\"https:\/\/www.bienen.at\/en\/#website\"},\"primaryImageOfPage\":{\"@id\":\"https:\/\/www.bienen.at\/en\/produkt\/queen\/#primaryimage\"},\"image\":{\"@id\":\"https:\/\/www.bienen.at\/en\/produkt\/queen\/#primaryimage\"},\"thumbnailUrl\":\"https:\/\/www.bienen.at\/wp-content\/uploads\/2022\/02\/koenigin.jpg\",\"datePublished\":\"2022-03-11T15:51:57+00:00\",\"breadcrumb\":{\"@id\":\"https:\/\/www.bienen.at\/en\/produkt\/queen\/#breadcrumb\"},\"inLanguage\":\"en-US\",\"potentialAction\":[{\"@type\":\"ReadAction\",\"target\":[\"https:\/\/www.bienen.at\/en\/produkt\/queen\/\"]}]},{\"@type\":\"ImageObject\",\"inLanguage\":\"en-US\",\"@id\":\"https:\/\/www.bienen.at\/en\/produkt\/queen\/#primaryimage\",\"url\":\"https:\/\/www.bienen.at\/wp-content\/uploads\/2022\/02\/koenigin.jpg\",\"contentUrl\":\"https:\/\/www.bienen.at\/wp-content\/uploads\/2022\/02\/koenigin.jpg\",\"width\":330,\"height\":330,\"caption\":\"K\u00f6niginnen\"},{\"@type\":\"BreadcrumbList\",\"@id\":\"https:\/\/www.bienen.at\/en\/produkt\/queen\/#breadcrumb\",\"itemListElement\":[{\"@type\":\"ListItem\",\"position\":1,\"name\":\"Startseite\",\"item\":\"https:\/\/www.bienen.at\/en\/\"},{\"@type\":\"ListItem\",\"position\":2,\"name\":\"Store\",\"item\":\"https:\/\/www.bienen.at\/store\/\"},{\"@type\":\"ListItem\",\"position\":3,\"name\":\"Queen\"}]},{\"@type\":\"WebSite\",\"@id\":\"https:\/\/www.bienen.at\/en\/#website\",\"url\":\"https:\/\/www.bienen.at\/en\/\",\"name\":\"Bienenhof Mandl\",\"description\":\"\u00d6sterreichs gr\u00f6\u00dfte Bio-Imkerei\",\"publisher\":{\"@id\":\"https:\/\/www.bienen.at\/en\/#organization\"},\"potentialAction\":[{\"@type\":\"SearchAction\",\"target\":{\"@type\":\"EntryPoint\",\"urlTemplate\":\"https:\/\/www.bienen.at\/en\/?s={search_term_string}\"},\"query-input\":{\"@type\":\"PropertyValueSpecification\",\"valueRequired\":true,\"valueName\":\"search_term_string\"}}],\"inLanguage\":\"en-US\"},{\"@type\":\"Organization\",\"@id\":\"https:\/\/www.bienen.at\/en\/#organization\",\"name\":\"Bienenhof Mandl\",\"url\":\"https:\/\/www.bienen.at\/en\/\",\"logo\":{\"@type\":\"ImageObject\",\"inLanguage\":\"en-US\",\"@id\":\"https:\/\/www.bienen.at\/en\/#\/schema\/logo\/image\/\",\"url\":\"https:\/\/www.bienen.at\/wp-content\/uploads\/2022\/05\/bienenat.png\",\"contentUrl\":\"https:\/\/www.bienen.at\/wp-content\/uploads\/2022\/05\/bienenat.png\",\"width\":778,\"height\":193,\"caption\":\"Bienenhof Mandl\"},\"image\":{\"@id\":\"https:\/\/www.bienen.at\/en\/#\/schema\/logo\/image\/\"},\"sameAs\":[\"https:\/\/www.facebook.com\/bienen.at\"]}]}<\/script>\n<!-- \/ Yoast SEO plugin. -->","yoast_head_json":{"title":"Queen - Bienenhof Mandl","robots":{"index":"index","follow":"follow","max-snippet":"max-snippet:-1","max-image-preview":"max-image-preview:large","max-video-preview":"max-video-preview:-1"},"canonical":"https:\/\/www.bienen.at\/en\/produkt\/queen\/","og_locale":"en_US","og_type":"article","og_title":"Queen - Bienenhof Mandl","og_description":"Our queens are daughters of selected purebred queens with a high varroa index and are of course also certified organic. They are characterized by increased varroa tolerance, special gentleness, very good comb fit, hardly any tendency to swarm and very good honey yield. The dam&#8217;s studbook number is sent with the purchase so that the&hellip;","og_url":"https:\/\/www.bienen.at\/en\/produkt\/queen\/","og_site_name":"Bienenhof Mandl","article_publisher":"https:\/\/www.facebook.com\/bienen.at","og_image":[{"width":330,"height":330,"url":"https:\/\/www.bienen.at\/wp-content\/uploads\/2022\/02\/koenigin.jpg","type":"image\/jpeg"}],"twitter_card":"summary_large_image","twitter_misc":{"Est. reading time":"1 minute"},"schema":{"@context":"https:\/\/schema.org","@graph":[{"@type":"WebPage","@id":"https:\/\/www.bienen.at\/en\/produkt\/queen\/","url":"https:\/\/www.bienen.at\/en\/produkt\/queen\/","name":"Queen - Bienenhof Mandl","isPartOf":{"@id":"https:\/\/www.bienen.at\/en\/#website"},"primaryImageOfPage":{"@id":"https:\/\/www.bienen.at\/en\/produkt\/queen\/#primaryimage"},"image":{"@id":"https:\/\/www.bienen.at\/en\/produkt\/queen\/#primaryimage"},"thumbnailUrl":"https:\/\/www.bienen.at\/wp-content\/uploads\/2022\/02\/koenigin.jpg","datePublished":"2022-03-11T15:51:57+00:00","breadcrumb":{"@id":"https:\/\/www.bienen.at\/en\/produkt\/queen\/#breadcrumb"},"inLanguage":"en-US","potentialAction":[{"@type":"ReadAction","target":["https:\/\/www.bienen.at\/en\/produkt\/queen\/"]}]},{"@type":"ImageObject","inLanguage":"en-US","@id":"https:\/\/www.bienen.at\/en\/produkt\/queen\/#primaryimage","url":"https:\/\/www.bienen.at\/wp-content\/uploads\/2022\/02\/koenigin.jpg","contentUrl":"https:\/\/www.bienen.at\/wp-content\/uploads\/2022\/02\/koenigin.jpg","width":330,"height":330,"caption":"K\u00f6niginnen"},{"@type":"BreadcrumbList","@id":"https:\/\/www.bienen.at\/en\/produkt\/queen\/#breadcrumb","itemListElement":[{"@type":"ListItem","position":1,"name":"Startseite","item":"https:\/\/www.bienen.at\/en\/"},{"@type":"ListItem","position":2,"name":"Store","item":"https:\/\/www.bienen.at\/store\/"},{"@type":"ListItem","position":3,"name":"Queen"}]},{"@type":"WebSite","@id":"https:\/\/www.bienen.at\/en\/#website","url":"https:\/\/www.bienen.at\/en\/","name":"Bienenhof Mandl","description":"\u00d6sterreichs gr\u00f6\u00dfte Bio-Imkerei","publisher":{"@id":"https:\/\/www.bienen.at\/en\/#organization"},"potentialAction":[{"@type":"SearchAction","target":{"@type":"EntryPoint","urlTemplate":"https:\/\/www.bienen.at\/en\/?s={search_term_string}"},"query-input":{"@type":"PropertyValueSpecification","valueRequired":true,"valueName":"search_term_string"}}],"inLanguage":"en-US"},{"@type":"Organization","@id":"https:\/\/www.bienen.at\/en\/#organization","name":"Bienenhof Mandl","url":"https:\/\/www.bienen.at\/en\/","logo":{"@type":"ImageObject","inLanguage":"en-US","@id":"https:\/\/www.bienen.at\/en\/#\/schema\/logo\/image\/","url":"https:\/\/www.bienen.at\/wp-content\/uploads\/2022\/05\/bienenat.png","contentUrl":"https:\/\/www.bienen.at\/wp-content\/uploads\/2022\/05\/bienenat.png","width":778,"height":193,"caption":"Bienenhof Mandl"},"image":{"@id":"https:\/\/www.bienen.at\/en\/#\/schema\/logo\/image\/"},"sameAs":["https:\/\/www.facebook.com\/bienen.at"]}]}},"tiered_pricing_type":"fixed","tiered_pricing_fixed_rules":[],"tiered_pricing_product_settings":{"layout":"default","base_unit_name":{"singular":null,"plural":null},"default_variation":null},"tiered_pricing_minimum_quantity":null,"tiered_pricing_roles_data":[],"tiered_pricing_percentage_rules":[],"_links":{"self":[{"href":"https:\/\/www.bienen.at\/en\/wp-json\/wp\/v2\/product\/1744","targetHints":{"allow":["GET"]}}],"collection":[{"href":"https:\/\/www.bienen.at\/en\/wp-json\/wp\/v2\/product"}],"about":[{"href":"https:\/\/www.bienen.at\/en\/wp-json\/wp\/v2\/types\/product"}],"replies":[{"embeddable":true,"href":"https:\/\/www.bienen.at\/en\/wp-json\/wp\/v2\/comments?post=1744"}],"wp:featuredmedia":[{"embeddable":true,"href":"https:\/\/www.bienen.at\/en\/wp-json\/wp\/v2\/media\/1703"}],"wp:attachment":[{"href":"https:\/\/www.bienen.at\/en\/wp-json\/wp\/v2\/media?parent=1744"}],"wp:term":[{"taxonomy":"product_brand","embeddable":true,"href":"https:\/\/www.bienen.at\/en\/wp-json\/wp\/v2\/product_brand?post=1744"},{"taxonomy":"product_cat","embeddable":true,"href":"https:\/\/www.bienen.at\/en\/wp-json\/wp\/v2\/product_cat?post=1744"},{"taxonomy":"product_tag","embeddable":true,"href":"https:\/\/www.bienen.at\/en\/wp-json\/wp\/v2\/product_tag?post=1744"}],"curies":[{"name":"wp","href":"https:\/\/api.w.org\/{rel}","templated":true}]}}