{"id":1749,"date":"2022-03-11T15:51:33","date_gmt":"2022-03-11T15:51:33","guid":{"rendered":"https:\/\/mandl.web15.mehrdafon.com\/produkt\/queen-cell\/"},"modified":"2025-04-03T08:33:44","modified_gmt":"2025-04-03T08:33:44","slug":"queen-cell","status":"publish","type":"product","link":"https:\/\/www.bienen.at\/en\/produkt\/queen-cell\/","title":{"rendered":"queen cell"},"content":{"rendered":"<p>Organic queen cells &#8211; bred from selected, tested breeding mothers.<br \/>\n<strong>queen cells are not shipped!<\/strong><\/p>\n","protected":false},"excerpt":{"rendered":"<p><img loading=\"lazy\" decoding=\"async\" class=\" wp-image-296 alignnone\" src=\"https:\/\/www.bienen.at\/wp-content\/uploads\/2022\/03\/eu-organic-logo-600x400-1-300x200.png\" alt=\"\" width=\"155\" height=\"103\" srcset=\"https:\/\/www.bienen.at\/wp-content\/uploads\/2022\/03\/eu-organic-logo-600x400-1-300x200.png 300w, https:\/\/www.bienen.at\/wp-content\/uploads\/2022\/03\/eu-organic-logo-600x400-1-20x13.png 20w\" sizes=\"auto, (max-width: 155px) 100vw, 155px\" \/><\/p>\n","protected":false},"featured_media":1750,"comment_status":"closed","ping_status":"closed","template":"","meta":[],"product_brand":[],"product_cat":[245],"product_tag":[],"class_list":{"0":"post-1749","1":"product","2":"type-product","3":"status-publish","4":"has-post-thumbnail","6":"product_cat-beekeeping-supplies","7":"product_shipping_class-self-collection-only","9":"first","10":"instock","11":"taxable","12":"shipping-taxable","13":"purchasable","14":"product-type-simple"},"yoast_head":"<!-- This site is optimized with the Yoast SEO plugin v27.0 - https:\/\/yoast.com\/product\/yoast-seo-wordpress\/ -->\n<title>queen cell - Bienenhof Mandl<\/title>\n<meta name=\"robots\" content=\"index, follow, max-snippet:-1, max-image-preview:large, max-video-preview:-1\" \/>\n<link rel=\"canonical\" href=\"https:\/\/www.bienen.at\/en\/produkt\/queen-cell\/\" \/>\n<meta property=\"og:locale\" content=\"en_US\" \/>\n<meta property=\"og:type\" content=\"article\" \/>\n<meta property=\"og:title\" content=\"queen cell - Bienenhof Mandl\" \/>\n<meta property=\"og:url\" content=\"https:\/\/www.bienen.at\/en\/produkt\/queen-cell\/\" \/>\n<meta property=\"og:site_name\" content=\"Bienenhof Mandl\" \/>\n<meta property=\"article:publisher\" content=\"https:\/\/www.facebook.com\/bienen.at\" \/>\n<meta property=\"article:modified_time\" content=\"2025-04-03T08:33:44+00:00\" \/>\n<meta property=\"og:image\" content=\"https:\/\/www.bienen.at\/wp-content\/uploads\/2022\/03\/93bc615c-2eb6-4723-b4f5-8ec2c81aca59.jpg\" \/>\n\t<meta property=\"og:image:width\" content=\"600\" \/>\n\t<meta property=\"og:image:height\" content=\"450\" \/>\n\t<meta property=\"og:image:type\" content=\"image\/jpeg\" \/>\n<meta name=\"twitter:card\" content=\"summary_large_image\" \/>\n<script type=\"application\/ld+json\" class=\"yoast-schema-graph\">{\"@context\":\"https:\/\/schema.org\",\"@graph\":[{\"@type\":\"WebPage\",\"@id\":\"https:\/\/www.bienen.at\/en\/produkt\/queen-cell\/\",\"url\":\"https:\/\/www.bienen.at\/en\/produkt\/queen-cell\/\",\"name\":\"queen cell - Bienenhof Mandl\",\"isPartOf\":{\"@id\":\"https:\/\/www.bienen.at\/en\/#website\"},\"primaryImageOfPage\":{\"@id\":\"https:\/\/www.bienen.at\/en\/produkt\/queen-cell\/#primaryimage\"},\"image\":{\"@id\":\"https:\/\/www.bienen.at\/en\/produkt\/queen-cell\/#primaryimage\"},\"thumbnailUrl\":\"https:\/\/www.bienen.at\/wp-content\/uploads\/2022\/03\/93bc615c-2eb6-4723-b4f5-8ec2c81aca59.jpg\",\"datePublished\":\"2022-03-11T15:51:33+00:00\",\"dateModified\":\"2025-04-03T08:33:44+00:00\",\"breadcrumb\":{\"@id\":\"https:\/\/www.bienen.at\/en\/produkt\/queen-cell\/#breadcrumb\"},\"inLanguage\":\"en-US\",\"potentialAction\":[{\"@type\":\"ReadAction\",\"target\":[\"https:\/\/www.bienen.at\/en\/produkt\/queen-cell\/\"]}]},{\"@type\":\"ImageObject\",\"inLanguage\":\"en-US\",\"@id\":\"https:\/\/www.bienen.at\/en\/produkt\/queen-cell\/#primaryimage\",\"url\":\"https:\/\/www.bienen.at\/wp-content\/uploads\/2022\/03\/93bc615c-2eb6-4723-b4f5-8ec2c81aca59.jpg\",\"contentUrl\":\"https:\/\/www.bienen.at\/wp-content\/uploads\/2022\/03\/93bc615c-2eb6-4723-b4f5-8ec2c81aca59.jpg\",\"width\":600,\"height\":450,\"caption\":\"Traveler Digital Camera\"},{\"@type\":\"BreadcrumbList\",\"@id\":\"https:\/\/www.bienen.at\/en\/produkt\/queen-cell\/#breadcrumb\",\"itemListElement\":[{\"@type\":\"ListItem\",\"position\":1,\"name\":\"Startseite\",\"item\":\"https:\/\/www.bienen.at\/en\/\"},{\"@type\":\"ListItem\",\"position\":2,\"name\":\"Store\",\"item\":\"https:\/\/www.bienen.at\/store\/\"},{\"@type\":\"ListItem\",\"position\":3,\"name\":\"queen cell\"}]},{\"@type\":\"WebSite\",\"@id\":\"https:\/\/www.bienen.at\/en\/#website\",\"url\":\"https:\/\/www.bienen.at\/en\/\",\"name\":\"Bienenhof Mandl\",\"description\":\"\u00d6sterreichs gr\u00f6\u00dfte Bio-Imkerei\",\"publisher\":{\"@id\":\"https:\/\/www.bienen.at\/en\/#organization\"},\"potentialAction\":[{\"@type\":\"SearchAction\",\"target\":{\"@type\":\"EntryPoint\",\"urlTemplate\":\"https:\/\/www.bienen.at\/en\/?s={search_term_string}\"},\"query-input\":{\"@type\":\"PropertyValueSpecification\",\"valueRequired\":true,\"valueName\":\"search_term_string\"}}],\"inLanguage\":\"en-US\"},{\"@type\":\"Organization\",\"@id\":\"https:\/\/www.bienen.at\/en\/#organization\",\"name\":\"Bienenhof Mandl\",\"url\":\"https:\/\/www.bienen.at\/en\/\",\"logo\":{\"@type\":\"ImageObject\",\"inLanguage\":\"en-US\",\"@id\":\"https:\/\/www.bienen.at\/en\/#\/schema\/logo\/image\/\",\"url\":\"https:\/\/www.bienen.at\/wp-content\/uploads\/2022\/05\/bienenat.png\",\"contentUrl\":\"https:\/\/www.bienen.at\/wp-content\/uploads\/2022\/05\/bienenat.png\",\"width\":778,\"height\":193,\"caption\":\"Bienenhof Mandl\"},\"image\":{\"@id\":\"https:\/\/www.bienen.at\/en\/#\/schema\/logo\/image\/\"},\"sameAs\":[\"https:\/\/www.facebook.com\/bienen.at\"]}]}<\/script>\n<!-- \/ Yoast SEO plugin. -->","yoast_head_json":{"title":"queen cell - Bienenhof Mandl","robots":{"index":"index","follow":"follow","max-snippet":"max-snippet:-1","max-image-preview":"max-image-preview:large","max-video-preview":"max-video-preview:-1"},"canonical":"https:\/\/www.bienen.at\/en\/produkt\/queen-cell\/","og_locale":"en_US","og_type":"article","og_title":"queen cell - Bienenhof Mandl","og_url":"https:\/\/www.bienen.at\/en\/produkt\/queen-cell\/","og_site_name":"Bienenhof Mandl","article_publisher":"https:\/\/www.facebook.com\/bienen.at","article_modified_time":"2025-04-03T08:33:44+00:00","og_image":[{"width":600,"height":450,"url":"https:\/\/www.bienen.at\/wp-content\/uploads\/2022\/03\/93bc615c-2eb6-4723-b4f5-8ec2c81aca59.jpg","type":"image\/jpeg"}],"twitter_card":"summary_large_image","schema":{"@context":"https:\/\/schema.org","@graph":[{"@type":"WebPage","@id":"https:\/\/www.bienen.at\/en\/produkt\/queen-cell\/","url":"https:\/\/www.bienen.at\/en\/produkt\/queen-cell\/","name":"queen cell - Bienenhof Mandl","isPartOf":{"@id":"https:\/\/www.bienen.at\/en\/#website"},"primaryImageOfPage":{"@id":"https:\/\/www.bienen.at\/en\/produkt\/queen-cell\/#primaryimage"},"image":{"@id":"https:\/\/www.bienen.at\/en\/produkt\/queen-cell\/#primaryimage"},"thumbnailUrl":"https:\/\/www.bienen.at\/wp-content\/uploads\/2022\/03\/93bc615c-2eb6-4723-b4f5-8ec2c81aca59.jpg","datePublished":"2022-03-11T15:51:33+00:00","dateModified":"2025-04-03T08:33:44+00:00","breadcrumb":{"@id":"https:\/\/www.bienen.at\/en\/produkt\/queen-cell\/#breadcrumb"},"inLanguage":"en-US","potentialAction":[{"@type":"ReadAction","target":["https:\/\/www.bienen.at\/en\/produkt\/queen-cell\/"]}]},{"@type":"ImageObject","inLanguage":"en-US","@id":"https:\/\/www.bienen.at\/en\/produkt\/queen-cell\/#primaryimage","url":"https:\/\/www.bienen.at\/wp-content\/uploads\/2022\/03\/93bc615c-2eb6-4723-b4f5-8ec2c81aca59.jpg","contentUrl":"https:\/\/www.bienen.at\/wp-content\/uploads\/2022\/03\/93bc615c-2eb6-4723-b4f5-8ec2c81aca59.jpg","width":600,"height":450,"caption":"Traveler Digital Camera"},{"@type":"BreadcrumbList","@id":"https:\/\/www.bienen.at\/en\/produkt\/queen-cell\/#breadcrumb","itemListElement":[{"@type":"ListItem","position":1,"name":"Startseite","item":"https:\/\/www.bienen.at\/en\/"},{"@type":"ListItem","position":2,"name":"Store","item":"https:\/\/www.bienen.at\/store\/"},{"@type":"ListItem","position":3,"name":"queen cell"}]},{"@type":"WebSite","@id":"https:\/\/www.bienen.at\/en\/#website","url":"https:\/\/www.bienen.at\/en\/","name":"Bienenhof Mandl","description":"\u00d6sterreichs gr\u00f6\u00dfte Bio-Imkerei","publisher":{"@id":"https:\/\/www.bienen.at\/en\/#organization"},"potentialAction":[{"@type":"SearchAction","target":{"@type":"EntryPoint","urlTemplate":"https:\/\/www.bienen.at\/en\/?s={search_term_string}"},"query-input":{"@type":"PropertyValueSpecification","valueRequired":true,"valueName":"search_term_string"}}],"inLanguage":"en-US"},{"@type":"Organization","@id":"https:\/\/www.bienen.at\/en\/#organization","name":"Bienenhof Mandl","url":"https:\/\/www.bienen.at\/en\/","logo":{"@type":"ImageObject","inLanguage":"en-US","@id":"https:\/\/www.bienen.at\/en\/#\/schema\/logo\/image\/","url":"https:\/\/www.bienen.at\/wp-content\/uploads\/2022\/05\/bienenat.png","contentUrl":"https:\/\/www.bienen.at\/wp-content\/uploads\/2022\/05\/bienenat.png","width":778,"height":193,"caption":"Bienenhof Mandl"},"image":{"@id":"https:\/\/www.bienen.at\/en\/#\/schema\/logo\/image\/"},"sameAs":["https:\/\/www.facebook.com\/bienen.at"]}]}},"tiered_pricing_type":"fixed","tiered_pricing_fixed_rules":{"10":6,"50":5},"tiered_pricing_product_settings":{"layout":"default","base_unit_name":{"singular":null,"plural":null},"default_variation":null},"tiered_pricing_minimum_quantity":null,"tiered_pricing_roles_data":[],"tiered_pricing_percentage_rules":[],"_links":{"self":[{"href":"https:\/\/www.bienen.at\/en\/wp-json\/wp\/v2\/product\/1749","targetHints":{"allow":["GET"]}}],"collection":[{"href":"https:\/\/www.bienen.at\/en\/wp-json\/wp\/v2\/product"}],"about":[{"href":"https:\/\/www.bienen.at\/en\/wp-json\/wp\/v2\/types\/product"}],"replies":[{"embeddable":true,"href":"https:\/\/www.bienen.at\/en\/wp-json\/wp\/v2\/comments?post=1749"}],"wp:featuredmedia":[{"embeddable":true,"href":"https:\/\/www.bienen.at\/en\/wp-json\/wp\/v2\/media\/1750"}],"wp:attachment":[{"href":"https:\/\/www.bienen.at\/en\/wp-json\/wp\/v2\/media?parent=1749"}],"wp:term":[{"taxonomy":"product_brand","embeddable":true,"href":"https:\/\/www.bienen.at\/en\/wp-json\/wp\/v2\/product_brand?post=1749"},{"taxonomy":"product_cat","embeddable":true,"href":"https:\/\/www.bienen.at\/en\/wp-json\/wp\/v2\/product_cat?post=1749"},{"taxonomy":"product_tag","embeddable":true,"href":"https:\/\/www.bienen.at\/en\/wp-json\/wp\/v2\/product_tag?post=1749"}],"curies":[{"name":"wp","href":"https:\/\/api.w.org\/{rel}","templated":true}]}}