{"id":1752,"date":"2022-03-11T15:54:05","date_gmt":"2022-03-11T15:54:05","guid":{"rendered":"https:\/\/mandl.web15.mehrdafon.com\/produkt\/wax-middle-walls\/"},"modified":"2022-03-11T15:54:05","modified_gmt":"2022-03-11T15:54:05","slug":"wax-middle-walls","status":"publish","type":"product","link":"https:\/\/www.bienen.at\/en\/produkt\/wax-middle-walls\/","title":{"rendered":"Wax middle walls"},"content":{"rendered":"<p>Of course, we have our own wax cycle in our company, which means that we do not buy in any wax from third parties.<\/p>\n<p>Just like our company, our wax is also certified organic.<\/p>\n<p>We send wax samples to the laboratory in Hohenheim every year in order to be able to guarantee the absence of residues.<\/p>\n<p>Our middle walls are cast in-house and available in Zander format. Collection from our yard in Traiskirchen or shipping possible. <\/p>\n<p>We offer graduated prices. Please ask for quantities of 200 kg or more! <\/p>\n","protected":false},"excerpt":{"rendered":"<p class=\"product_title entry-title\">Middle wall from our certified organic farm.<br \/>\nFormat: Zander.<\/p>\n","protected":false},"featured_media":1704,"comment_status":"open","ping_status":"closed","template":"","meta":[],"product_brand":[],"product_cat":[245],"product_tag":[],"class_list":{"0":"post-1752","1":"product","2":"type-product","3":"status-publish","4":"has-post-thumbnail","6":"product_cat-beekeeping-supplies","8":"first","9":"instock","10":"taxable","11":"shipping-taxable","12":"purchasable","13":"product-type-simple"},"yoast_head":"<!-- This site is optimized with the Yoast SEO plugin v27.0 - https:\/\/yoast.com\/product\/yoast-seo-wordpress\/ -->\n<title>Wax middle walls - Bienenhof Mandl<\/title>\n<meta name=\"robots\" content=\"index, follow, max-snippet:-1, max-image-preview:large, max-video-preview:-1\" \/>\n<link rel=\"canonical\" href=\"https:\/\/www.bienen.at\/en\/produkt\/wax-middle-walls\/\" \/>\n<meta property=\"og:locale\" content=\"en_US\" \/>\n<meta property=\"og:type\" content=\"article\" \/>\n<meta property=\"og:title\" content=\"Wax middle walls - Bienenhof Mandl\" \/>\n<meta property=\"og:description\" content=\"Middle wall from our certified organic farm. Format: Zander.\" \/>\n<meta property=\"og:url\" content=\"https:\/\/www.bienen.at\/en\/produkt\/wax-middle-walls\/\" \/>\n<meta property=\"og:site_name\" content=\"Bienenhof Mandl\" \/>\n<meta property=\"article:publisher\" content=\"https:\/\/www.facebook.com\/bienen.at\" \/>\n<meta property=\"og:image\" content=\"https:\/\/www.bienen.at\/wp-content\/uploads\/2022\/02\/mittelwand.jpg\" \/>\n\t<meta property=\"og:image:width\" content=\"330\" \/>\n\t<meta property=\"og:image:height\" content=\"330\" \/>\n\t<meta property=\"og:image:type\" content=\"image\/jpeg\" \/>\n<meta name=\"twitter:card\" content=\"summary_large_image\" \/>\n<script type=\"application\/ld+json\" class=\"yoast-schema-graph\">{\"@context\":\"https:\/\/schema.org\",\"@graph\":[{\"@type\":\"WebPage\",\"@id\":\"https:\/\/www.bienen.at\/en\/produkt\/wax-middle-walls\/\",\"url\":\"https:\/\/www.bienen.at\/en\/produkt\/wax-middle-walls\/\",\"name\":\"Wax middle walls - Bienenhof Mandl\",\"isPartOf\":{\"@id\":\"https:\/\/www.bienen.at\/en\/#website\"},\"primaryImageOfPage\":{\"@id\":\"https:\/\/www.bienen.at\/en\/produkt\/wax-middle-walls\/#primaryimage\"},\"image\":{\"@id\":\"https:\/\/www.bienen.at\/en\/produkt\/wax-middle-walls\/#primaryimage\"},\"thumbnailUrl\":\"https:\/\/www.bienen.at\/wp-content\/uploads\/2022\/02\/mittelwand.jpg\",\"datePublished\":\"2022-03-11T15:54:05+00:00\",\"breadcrumb\":{\"@id\":\"https:\/\/www.bienen.at\/en\/produkt\/wax-middle-walls\/#breadcrumb\"},\"inLanguage\":\"en-US\",\"potentialAction\":[{\"@type\":\"ReadAction\",\"target\":[\"https:\/\/www.bienen.at\/en\/produkt\/wax-middle-walls\/\"]}]},{\"@type\":\"ImageObject\",\"inLanguage\":\"en-US\",\"@id\":\"https:\/\/www.bienen.at\/en\/produkt\/wax-middle-walls\/#primaryimage\",\"url\":\"https:\/\/www.bienen.at\/wp-content\/uploads\/2022\/02\/mittelwand.jpg\",\"contentUrl\":\"https:\/\/www.bienen.at\/wp-content\/uploads\/2022\/02\/mittelwand.jpg\",\"width\":330,\"height\":330,\"caption\":\"Mittelw\u00e4nde\"},{\"@type\":\"BreadcrumbList\",\"@id\":\"https:\/\/www.bienen.at\/en\/produkt\/wax-middle-walls\/#breadcrumb\",\"itemListElement\":[{\"@type\":\"ListItem\",\"position\":1,\"name\":\"Startseite\",\"item\":\"https:\/\/www.bienen.at\/en\/\"},{\"@type\":\"ListItem\",\"position\":2,\"name\":\"Store\",\"item\":\"https:\/\/www.bienen.at\/store\/\"},{\"@type\":\"ListItem\",\"position\":3,\"name\":\"Wax middle walls\"}]},{\"@type\":\"WebSite\",\"@id\":\"https:\/\/www.bienen.at\/en\/#website\",\"url\":\"https:\/\/www.bienen.at\/en\/\",\"name\":\"Bienenhof Mandl\",\"description\":\"\u00d6sterreichs gr\u00f6\u00dfte Bio-Imkerei\",\"publisher\":{\"@id\":\"https:\/\/www.bienen.at\/en\/#organization\"},\"potentialAction\":[{\"@type\":\"SearchAction\",\"target\":{\"@type\":\"EntryPoint\",\"urlTemplate\":\"https:\/\/www.bienen.at\/en\/?s={search_term_string}\"},\"query-input\":{\"@type\":\"PropertyValueSpecification\",\"valueRequired\":true,\"valueName\":\"search_term_string\"}}],\"inLanguage\":\"en-US\"},{\"@type\":\"Organization\",\"@id\":\"https:\/\/www.bienen.at\/en\/#organization\",\"name\":\"Bienenhof Mandl\",\"url\":\"https:\/\/www.bienen.at\/en\/\",\"logo\":{\"@type\":\"ImageObject\",\"inLanguage\":\"en-US\",\"@id\":\"https:\/\/www.bienen.at\/en\/#\/schema\/logo\/image\/\",\"url\":\"https:\/\/www.bienen.at\/wp-content\/uploads\/2022\/05\/bienenat.png\",\"contentUrl\":\"https:\/\/www.bienen.at\/wp-content\/uploads\/2022\/05\/bienenat.png\",\"width\":778,\"height\":193,\"caption\":\"Bienenhof Mandl\"},\"image\":{\"@id\":\"https:\/\/www.bienen.at\/en\/#\/schema\/logo\/image\/\"},\"sameAs\":[\"https:\/\/www.facebook.com\/bienen.at\"]}]}<\/script>\n<!-- \/ Yoast SEO plugin. -->","yoast_head_json":{"title":"Wax middle walls - Bienenhof Mandl","robots":{"index":"index","follow":"follow","max-snippet":"max-snippet:-1","max-image-preview":"max-image-preview:large","max-video-preview":"max-video-preview:-1"},"canonical":"https:\/\/www.bienen.at\/en\/produkt\/wax-middle-walls\/","og_locale":"en_US","og_type":"article","og_title":"Wax middle walls - Bienenhof Mandl","og_description":"Middle wall from our certified organic farm. Format: Zander.","og_url":"https:\/\/www.bienen.at\/en\/produkt\/wax-middle-walls\/","og_site_name":"Bienenhof Mandl","article_publisher":"https:\/\/www.facebook.com\/bienen.at","og_image":[{"width":330,"height":330,"url":"https:\/\/www.bienen.at\/wp-content\/uploads\/2022\/02\/mittelwand.jpg","type":"image\/jpeg"}],"twitter_card":"summary_large_image","schema":{"@context":"https:\/\/schema.org","@graph":[{"@type":"WebPage","@id":"https:\/\/www.bienen.at\/en\/produkt\/wax-middle-walls\/","url":"https:\/\/www.bienen.at\/en\/produkt\/wax-middle-walls\/","name":"Wax middle walls - Bienenhof Mandl","isPartOf":{"@id":"https:\/\/www.bienen.at\/en\/#website"},"primaryImageOfPage":{"@id":"https:\/\/www.bienen.at\/en\/produkt\/wax-middle-walls\/#primaryimage"},"image":{"@id":"https:\/\/www.bienen.at\/en\/produkt\/wax-middle-walls\/#primaryimage"},"thumbnailUrl":"https:\/\/www.bienen.at\/wp-content\/uploads\/2022\/02\/mittelwand.jpg","datePublished":"2022-03-11T15:54:05+00:00","breadcrumb":{"@id":"https:\/\/www.bienen.at\/en\/produkt\/wax-middle-walls\/#breadcrumb"},"inLanguage":"en-US","potentialAction":[{"@type":"ReadAction","target":["https:\/\/www.bienen.at\/en\/produkt\/wax-middle-walls\/"]}]},{"@type":"ImageObject","inLanguage":"en-US","@id":"https:\/\/www.bienen.at\/en\/produkt\/wax-middle-walls\/#primaryimage","url":"https:\/\/www.bienen.at\/wp-content\/uploads\/2022\/02\/mittelwand.jpg","contentUrl":"https:\/\/www.bienen.at\/wp-content\/uploads\/2022\/02\/mittelwand.jpg","width":330,"height":330,"caption":"Mittelw\u00e4nde"},{"@type":"BreadcrumbList","@id":"https:\/\/www.bienen.at\/en\/produkt\/wax-middle-walls\/#breadcrumb","itemListElement":[{"@type":"ListItem","position":1,"name":"Startseite","item":"https:\/\/www.bienen.at\/en\/"},{"@type":"ListItem","position":2,"name":"Store","item":"https:\/\/www.bienen.at\/store\/"},{"@type":"ListItem","position":3,"name":"Wax middle walls"}]},{"@type":"WebSite","@id":"https:\/\/www.bienen.at\/en\/#website","url":"https:\/\/www.bienen.at\/en\/","name":"Bienenhof Mandl","description":"\u00d6sterreichs gr\u00f6\u00dfte Bio-Imkerei","publisher":{"@id":"https:\/\/www.bienen.at\/en\/#organization"},"potentialAction":[{"@type":"SearchAction","target":{"@type":"EntryPoint","urlTemplate":"https:\/\/www.bienen.at\/en\/?s={search_term_string}"},"query-input":{"@type":"PropertyValueSpecification","valueRequired":true,"valueName":"search_term_string"}}],"inLanguage":"en-US"},{"@type":"Organization","@id":"https:\/\/www.bienen.at\/en\/#organization","name":"Bienenhof Mandl","url":"https:\/\/www.bienen.at\/en\/","logo":{"@type":"ImageObject","inLanguage":"en-US","@id":"https:\/\/www.bienen.at\/en\/#\/schema\/logo\/image\/","url":"https:\/\/www.bienen.at\/wp-content\/uploads\/2022\/05\/bienenat.png","contentUrl":"https:\/\/www.bienen.at\/wp-content\/uploads\/2022\/05\/bienenat.png","width":778,"height":193,"caption":"Bienenhof Mandl"},"image":{"@id":"https:\/\/www.bienen.at\/en\/#\/schema\/logo\/image\/"},"sameAs":["https:\/\/www.facebook.com\/bienen.at"]}]}},"tiered_pricing_type":"fixed","tiered_pricing_fixed_rules":{"10":40,"50":37},"tiered_pricing_product_settings":{"layout":"default","base_unit_name":{"singular":null,"plural":null},"default_variation":null},"tiered_pricing_minimum_quantity":null,"tiered_pricing_roles_data":[],"tiered_pricing_percentage_rules":[],"_links":{"self":[{"href":"https:\/\/www.bienen.at\/en\/wp-json\/wp\/v2\/product\/1752","targetHints":{"allow":["GET"]}}],"collection":[{"href":"https:\/\/www.bienen.at\/en\/wp-json\/wp\/v2\/product"}],"about":[{"href":"https:\/\/www.bienen.at\/en\/wp-json\/wp\/v2\/types\/product"}],"replies":[{"embeddable":true,"href":"https:\/\/www.bienen.at\/en\/wp-json\/wp\/v2\/comments?post=1752"}],"wp:featuredmedia":[{"embeddable":true,"href":"https:\/\/www.bienen.at\/en\/wp-json\/wp\/v2\/media\/1704"}],"wp:attachment":[{"href":"https:\/\/www.bienen.at\/en\/wp-json\/wp\/v2\/media?parent=1752"}],"wp:term":[{"taxonomy":"product_brand","embeddable":true,"href":"https:\/\/www.bienen.at\/en\/wp-json\/wp\/v2\/product_brand?post=1752"},{"taxonomy":"product_cat","embeddable":true,"href":"https:\/\/www.bienen.at\/en\/wp-json\/wp\/v2\/product_cat?post=1752"},{"taxonomy":"product_tag","embeddable":true,"href":"https:\/\/www.bienen.at\/en\/wp-json\/wp\/v2\/product_tag?post=1752"}],"curies":[{"name":"wp","href":"https:\/\/api.w.org\/{rel}","templated":true}]}}