{"id":1753,"date":"2022-03-11T15:56:00","date_gmt":"2022-03-11T15:56:00","guid":{"rendered":"https:\/\/mandl.web15.mehrdafon.com\/produkt\/swarm-of-bees\/"},"modified":"2022-03-11T15:56:00","modified_gmt":"2022-03-11T15:56:00","slug":"swarm-of-bees","status":"publish","type":"product","link":"https:\/\/www.bienen.at\/en\/produkt\/swarm-of-bees\/","title":{"rendered":"Swarm of bees"},"content":{"rendered":"<div class=\"woocommerce-product-details__short-description\">\n<div class=\"woocommerce-product-details__short-description\">\n<p><strong>No shipping. Incl. swarm box with 10 Euro deposit.  <\/strong><\/p>\n<p>Our bee swarms are created by us and can be collected from our farm in Traiskirchen.<br \/>\nThe price includes the swarm and the swarm box.<\/p>\n<p>Collection possible every Saturday from the beginning of June. Please specify collection day when ordering (to be confirmed) <\/p>\n<p>The swarms are delivered with Schwarboxes (deposit 10 Euro). The deposit will be refunded upon return. <\/p>\n<p><strong>Availability: from mid-June<\/strong><\/p>\n<\/div>\n<\/div>\n","protected":false},"excerpt":{"rendered":"<p>Our swarms of bees are produced by ourselves and can be collected from our farm in Schwechat.<br \/>\n<strong>No shipping. Incl. swarm box with 10 Euro deposit.  <\/strong><\/p>\n","protected":false},"featured_media":1888,"comment_status":"open","ping_status":"closed","template":"","meta":[],"product_brand":[],"product_cat":[245],"product_tag":[],"class_list":{"0":"post-1753","1":"product","2":"type-product","3":"status-publish","4":"has-post-thumbnail","6":"product_cat-beekeeping-supplies","8":"first","9":"instock","10":"taxable","11":"shipping-taxable","12":"purchasable","13":"product-type-simple"},"yoast_head":"<!-- This site is optimized with the Yoast SEO plugin v27.0 - https:\/\/yoast.com\/product\/yoast-seo-wordpress\/ -->\n<title>Swarm of bees - Bienenhof Mandl<\/title>\n<meta name=\"robots\" content=\"index, follow, max-snippet:-1, max-image-preview:large, max-video-preview:-1\" \/>\n<link rel=\"canonical\" href=\"https:\/\/www.bienen.at\/en\/produkt\/swarm-of-bees\/\" \/>\n<meta property=\"og:locale\" content=\"en_US\" \/>\n<meta property=\"og:type\" content=\"article\" \/>\n<meta property=\"og:title\" content=\"Swarm of bees - Bienenhof Mandl\" \/>\n<meta property=\"og:description\" content=\"Our swarms of bees are produced by ourselves and can be collected from our farm in Schwechat. No shipping. Incl. swarm box with 10 Euro deposit.\" \/>\n<meta property=\"og:url\" content=\"https:\/\/www.bienen.at\/en\/produkt\/swarm-of-bees\/\" \/>\n<meta property=\"og:site_name\" content=\"Bienenhof Mandl\" \/>\n<meta property=\"article:publisher\" content=\"https:\/\/www.facebook.com\/bienen.at\" \/>\n<meta property=\"og:image\" content=\"https:\/\/www.bienen.at\/wp-content\/uploads\/2025\/03\/Schwarm_Mandl.jpg\" \/>\n\t<meta property=\"og:image:width\" content=\"658\" \/>\n\t<meta property=\"og:image:height\" content=\"658\" \/>\n\t<meta property=\"og:image:type\" content=\"image\/jpeg\" \/>\n<meta name=\"twitter:card\" content=\"summary_large_image\" \/>\n<script type=\"application\/ld+json\" class=\"yoast-schema-graph\">{\"@context\":\"https:\/\/schema.org\",\"@graph\":[{\"@type\":\"WebPage\",\"@id\":\"https:\/\/www.bienen.at\/en\/produkt\/swarm-of-bees\/\",\"url\":\"https:\/\/www.bienen.at\/en\/produkt\/swarm-of-bees\/\",\"name\":\"Swarm of bees - Bienenhof Mandl\",\"isPartOf\":{\"@id\":\"https:\/\/www.bienen.at\/en\/#website\"},\"primaryImageOfPage\":{\"@id\":\"https:\/\/www.bienen.at\/en\/produkt\/swarm-of-bees\/#primaryimage\"},\"image\":{\"@id\":\"https:\/\/www.bienen.at\/en\/produkt\/swarm-of-bees\/#primaryimage\"},\"thumbnailUrl\":\"https:\/\/www.bienen.at\/wp-content\/uploads\/2025\/03\/Schwarm_Mandl.jpg\",\"datePublished\":\"2022-03-11T15:56:00+00:00\",\"breadcrumb\":{\"@id\":\"https:\/\/www.bienen.at\/en\/produkt\/swarm-of-bees\/#breadcrumb\"},\"inLanguage\":\"en-US\",\"potentialAction\":[{\"@type\":\"ReadAction\",\"target\":[\"https:\/\/www.bienen.at\/en\/produkt\/swarm-of-bees\/\"]}]},{\"@type\":\"ImageObject\",\"inLanguage\":\"en-US\",\"@id\":\"https:\/\/www.bienen.at\/en\/produkt\/swarm-of-bees\/#primaryimage\",\"url\":\"https:\/\/www.bienen.at\/wp-content\/uploads\/2025\/03\/Schwarm_Mandl.jpg\",\"contentUrl\":\"https:\/\/www.bienen.at\/wp-content\/uploads\/2025\/03\/Schwarm_Mandl.jpg\",\"width\":658,\"height\":658},{\"@type\":\"BreadcrumbList\",\"@id\":\"https:\/\/www.bienen.at\/en\/produkt\/swarm-of-bees\/#breadcrumb\",\"itemListElement\":[{\"@type\":\"ListItem\",\"position\":1,\"name\":\"Startseite\",\"item\":\"https:\/\/www.bienen.at\/en\/\"},{\"@type\":\"ListItem\",\"position\":2,\"name\":\"Store\",\"item\":\"https:\/\/www.bienen.at\/store\/\"},{\"@type\":\"ListItem\",\"position\":3,\"name\":\"Swarm of bees\"}]},{\"@type\":\"WebSite\",\"@id\":\"https:\/\/www.bienen.at\/en\/#website\",\"url\":\"https:\/\/www.bienen.at\/en\/\",\"name\":\"Bienenhof Mandl\",\"description\":\"\u00d6sterreichs gr\u00f6\u00dfte Bio-Imkerei\",\"publisher\":{\"@id\":\"https:\/\/www.bienen.at\/en\/#organization\"},\"potentialAction\":[{\"@type\":\"SearchAction\",\"target\":{\"@type\":\"EntryPoint\",\"urlTemplate\":\"https:\/\/www.bienen.at\/en\/?s={search_term_string}\"},\"query-input\":{\"@type\":\"PropertyValueSpecification\",\"valueRequired\":true,\"valueName\":\"search_term_string\"}}],\"inLanguage\":\"en-US\"},{\"@type\":\"Organization\",\"@id\":\"https:\/\/www.bienen.at\/en\/#organization\",\"name\":\"Bienenhof Mandl\",\"url\":\"https:\/\/www.bienen.at\/en\/\",\"logo\":{\"@type\":\"ImageObject\",\"inLanguage\":\"en-US\",\"@id\":\"https:\/\/www.bienen.at\/en\/#\/schema\/logo\/image\/\",\"url\":\"https:\/\/www.bienen.at\/wp-content\/uploads\/2022\/05\/bienenat.png\",\"contentUrl\":\"https:\/\/www.bienen.at\/wp-content\/uploads\/2022\/05\/bienenat.png\",\"width\":778,\"height\":193,\"caption\":\"Bienenhof Mandl\"},\"image\":{\"@id\":\"https:\/\/www.bienen.at\/en\/#\/schema\/logo\/image\/\"},\"sameAs\":[\"https:\/\/www.facebook.com\/bienen.at\"]}]}<\/script>\n<!-- \/ Yoast SEO plugin. -->","yoast_head_json":{"title":"Swarm of bees - Bienenhof Mandl","robots":{"index":"index","follow":"follow","max-snippet":"max-snippet:-1","max-image-preview":"max-image-preview:large","max-video-preview":"max-video-preview:-1"},"canonical":"https:\/\/www.bienen.at\/en\/produkt\/swarm-of-bees\/","og_locale":"en_US","og_type":"article","og_title":"Swarm of bees - Bienenhof Mandl","og_description":"Our swarms of bees are produced by ourselves and can be collected from our farm in Schwechat. No shipping. Incl. swarm box with 10 Euro deposit.","og_url":"https:\/\/www.bienen.at\/en\/produkt\/swarm-of-bees\/","og_site_name":"Bienenhof Mandl","article_publisher":"https:\/\/www.facebook.com\/bienen.at","og_image":[{"width":658,"height":658,"url":"https:\/\/www.bienen.at\/wp-content\/uploads\/2025\/03\/Schwarm_Mandl.jpg","type":"image\/jpeg"}],"twitter_card":"summary_large_image","schema":{"@context":"https:\/\/schema.org","@graph":[{"@type":"WebPage","@id":"https:\/\/www.bienen.at\/en\/produkt\/swarm-of-bees\/","url":"https:\/\/www.bienen.at\/en\/produkt\/swarm-of-bees\/","name":"Swarm of bees - Bienenhof Mandl","isPartOf":{"@id":"https:\/\/www.bienen.at\/en\/#website"},"primaryImageOfPage":{"@id":"https:\/\/www.bienen.at\/en\/produkt\/swarm-of-bees\/#primaryimage"},"image":{"@id":"https:\/\/www.bienen.at\/en\/produkt\/swarm-of-bees\/#primaryimage"},"thumbnailUrl":"https:\/\/www.bienen.at\/wp-content\/uploads\/2025\/03\/Schwarm_Mandl.jpg","datePublished":"2022-03-11T15:56:00+00:00","breadcrumb":{"@id":"https:\/\/www.bienen.at\/en\/produkt\/swarm-of-bees\/#breadcrumb"},"inLanguage":"en-US","potentialAction":[{"@type":"ReadAction","target":["https:\/\/www.bienen.at\/en\/produkt\/swarm-of-bees\/"]}]},{"@type":"ImageObject","inLanguage":"en-US","@id":"https:\/\/www.bienen.at\/en\/produkt\/swarm-of-bees\/#primaryimage","url":"https:\/\/www.bienen.at\/wp-content\/uploads\/2025\/03\/Schwarm_Mandl.jpg","contentUrl":"https:\/\/www.bienen.at\/wp-content\/uploads\/2025\/03\/Schwarm_Mandl.jpg","width":658,"height":658},{"@type":"BreadcrumbList","@id":"https:\/\/www.bienen.at\/en\/produkt\/swarm-of-bees\/#breadcrumb","itemListElement":[{"@type":"ListItem","position":1,"name":"Startseite","item":"https:\/\/www.bienen.at\/en\/"},{"@type":"ListItem","position":2,"name":"Store","item":"https:\/\/www.bienen.at\/store\/"},{"@type":"ListItem","position":3,"name":"Swarm of bees"}]},{"@type":"WebSite","@id":"https:\/\/www.bienen.at\/en\/#website","url":"https:\/\/www.bienen.at\/en\/","name":"Bienenhof Mandl","description":"\u00d6sterreichs gr\u00f6\u00dfte Bio-Imkerei","publisher":{"@id":"https:\/\/www.bienen.at\/en\/#organization"},"potentialAction":[{"@type":"SearchAction","target":{"@type":"EntryPoint","urlTemplate":"https:\/\/www.bienen.at\/en\/?s={search_term_string}"},"query-input":{"@type":"PropertyValueSpecification","valueRequired":true,"valueName":"search_term_string"}}],"inLanguage":"en-US"},{"@type":"Organization","@id":"https:\/\/www.bienen.at\/en\/#organization","name":"Bienenhof Mandl","url":"https:\/\/www.bienen.at\/en\/","logo":{"@type":"ImageObject","inLanguage":"en-US","@id":"https:\/\/www.bienen.at\/en\/#\/schema\/logo\/image\/","url":"https:\/\/www.bienen.at\/wp-content\/uploads\/2022\/05\/bienenat.png","contentUrl":"https:\/\/www.bienen.at\/wp-content\/uploads\/2022\/05\/bienenat.png","width":778,"height":193,"caption":"Bienenhof Mandl"},"image":{"@id":"https:\/\/www.bienen.at\/en\/#\/schema\/logo\/image\/"},"sameAs":["https:\/\/www.facebook.com\/bienen.at"]}]}},"tiered_pricing_type":"fixed","tiered_pricing_fixed_rules":[],"tiered_pricing_product_settings":{"layout":"default","base_unit_name":{"singular":null,"plural":null},"default_variation":null},"tiered_pricing_minimum_quantity":null,"tiered_pricing_roles_data":[],"tiered_pricing_percentage_rules":[],"_links":{"self":[{"href":"https:\/\/www.bienen.at\/en\/wp-json\/wp\/v2\/product\/1753","targetHints":{"allow":["GET"]}}],"collection":[{"href":"https:\/\/www.bienen.at\/en\/wp-json\/wp\/v2\/product"}],"about":[{"href":"https:\/\/www.bienen.at\/en\/wp-json\/wp\/v2\/types\/product"}],"replies":[{"embeddable":true,"href":"https:\/\/www.bienen.at\/en\/wp-json\/wp\/v2\/comments?post=1753"}],"wp:featuredmedia":[{"embeddable":true,"href":"https:\/\/www.bienen.at\/en\/wp-json\/wp\/v2\/media\/1888"}],"wp:attachment":[{"href":"https:\/\/www.bienen.at\/en\/wp-json\/wp\/v2\/media?parent=1753"}],"wp:term":[{"taxonomy":"product_brand","embeddable":true,"href":"https:\/\/www.bienen.at\/en\/wp-json\/wp\/v2\/product_brand?post=1753"},{"taxonomy":"product_cat","embeddable":true,"href":"https:\/\/www.bienen.at\/en\/wp-json\/wp\/v2\/product_cat?post=1753"},{"taxonomy":"product_tag","embeddable":true,"href":"https:\/\/www.bienen.at\/en\/wp-json\/wp\/v2\/product_tag?post=1753"}],"curies":[{"name":"wp","href":"https:\/\/api.w.org\/{rel}","templated":true}]}}