{"id":1758,"date":"2023-01-16T07:58:32","date_gmt":"2023-01-16T07:58:32","guid":{"rendered":"https:\/\/mandl.web15.mehrdafon.com\/produkt\/bee-colonies\/"},"modified":"2023-01-16T07:58:32","modified_gmt":"2023-01-16T07:58:32","slug":"bee-colonies","status":"publish","type":"product","link":"https:\/\/www.bienen.at\/en\/produkt\/bee-colonies\/","title":{"rendered":"Bee colonies"},"content":{"rendered":"<p>At the end of March\/beginning of April we plan to hand over a limited number of wintering colonies.<\/p>\n<p>The colonies have a young queen, brood on three combs and occupy a total of 5 honeycomb frames.<\/p>\n<p><strong>Pick up at the Bienenhof in Traiskirchen. No shipping. <\/strong><\/p>\n","protected":false},"excerpt":{"rendered":"<p>At the end of March\/beginning of April we plan to hand over a limited number of wintering colonies. The colonies have a young queen, brood on three combs and occupy a total of 5 honeycomb frames. Pick up at the Bienenhof in Traiskirchen. No shipping.<\/p>\n","protected":false},"featured_media":1712,"comment_status":"open","ping_status":"closed","template":"","meta":[],"product_brand":[],"product_cat":[245],"product_tag":[],"class_list":{"0":"post-1758","1":"product","2":"type-product","3":"status-publish","4":"has-post-thumbnail","6":"product_cat-beekeeping-supplies","7":"product_shipping_class-self-collection-only","9":"first","10":"instock","11":"taxable","12":"shipping-taxable","13":"purchasable","14":"product-type-simple"},"yoast_head":"<!-- This site is optimized with the Yoast SEO plugin v27.0 - https:\/\/yoast.com\/product\/yoast-seo-wordpress\/ -->\n<title>Bee colonies - Bienenhof Mandl<\/title>\n<meta name=\"robots\" content=\"index, follow, max-snippet:-1, max-image-preview:large, max-video-preview:-1\" \/>\n<link rel=\"canonical\" href=\"https:\/\/www.bienen.at\/en\/produkt\/bee-colonies\/\" \/>\n<meta property=\"og:locale\" content=\"en_US\" \/>\n<meta property=\"og:type\" content=\"article\" \/>\n<meta property=\"og:title\" content=\"Bee colonies - Bienenhof Mandl\" \/>\n<meta property=\"og:description\" content=\"At the end of March\/beginning of April we plan to hand over a limited number of wintering colonies. The colonies have a young queen, brood on three combs and occupy a total of 5 honeycomb frames. Pick up at the Bienenhof in Traiskirchen. No shipping.\" \/>\n<meta property=\"og:url\" content=\"https:\/\/www.bienen.at\/en\/produkt\/bee-colonies\/\" \/>\n<meta property=\"og:site_name\" content=\"Bienenhof Mandl\" \/>\n<meta property=\"article:publisher\" content=\"https:\/\/www.facebook.com\/bienen.at\" \/>\n<meta property=\"og:image\" content=\"https:\/\/www.bienen.at\/wp-content\/uploads\/2022\/03\/bg_mandl3-1.jpg\" \/>\n\t<meta property=\"og:image:width\" content=\"2212\" \/>\n\t<meta property=\"og:image:height\" content=\"1527\" \/>\n\t<meta property=\"og:image:type\" content=\"image\/jpeg\" \/>\n<meta name=\"twitter:card\" content=\"summary_large_image\" \/>\n<script type=\"application\/ld+json\" class=\"yoast-schema-graph\">{\"@context\":\"https:\/\/schema.org\",\"@graph\":[{\"@type\":\"WebPage\",\"@id\":\"https:\/\/www.bienen.at\/en\/produkt\/bee-colonies\/\",\"url\":\"https:\/\/www.bienen.at\/en\/produkt\/bee-colonies\/\",\"name\":\"Bee colonies - Bienenhof Mandl\",\"isPartOf\":{\"@id\":\"https:\/\/www.bienen.at\/en\/#website\"},\"primaryImageOfPage\":{\"@id\":\"https:\/\/www.bienen.at\/en\/produkt\/bee-colonies\/#primaryimage\"},\"image\":{\"@id\":\"https:\/\/www.bienen.at\/en\/produkt\/bee-colonies\/#primaryimage\"},\"thumbnailUrl\":\"https:\/\/www.bienen.at\/wp-content\/uploads\/2022\/03\/bg_mandl3-1.jpg\",\"datePublished\":\"2023-01-16T07:58:32+00:00\",\"breadcrumb\":{\"@id\":\"https:\/\/www.bienen.at\/en\/produkt\/bee-colonies\/#breadcrumb\"},\"inLanguage\":\"en-US\",\"potentialAction\":[{\"@type\":\"ReadAction\",\"target\":[\"https:\/\/www.bienen.at\/en\/produkt\/bee-colonies\/\"]}]},{\"@type\":\"ImageObject\",\"inLanguage\":\"en-US\",\"@id\":\"https:\/\/www.bienen.at\/en\/produkt\/bee-colonies\/#primaryimage\",\"url\":\"https:\/\/www.bienen.at\/wp-content\/uploads\/2022\/03\/bg_mandl3-1.jpg\",\"contentUrl\":\"https:\/\/www.bienen.at\/wp-content\/uploads\/2022\/03\/bg_mandl3-1.jpg\",\"width\":2212,\"height\":1527},{\"@type\":\"BreadcrumbList\",\"@id\":\"https:\/\/www.bienen.at\/en\/produkt\/bee-colonies\/#breadcrumb\",\"itemListElement\":[{\"@type\":\"ListItem\",\"position\":1,\"name\":\"Startseite\",\"item\":\"https:\/\/www.bienen.at\/en\/\"},{\"@type\":\"ListItem\",\"position\":2,\"name\":\"Store\",\"item\":\"https:\/\/www.bienen.at\/store\/\"},{\"@type\":\"ListItem\",\"position\":3,\"name\":\"Bee colonies\"}]},{\"@type\":\"WebSite\",\"@id\":\"https:\/\/www.bienen.at\/en\/#website\",\"url\":\"https:\/\/www.bienen.at\/en\/\",\"name\":\"Bienenhof Mandl\",\"description\":\"\u00d6sterreichs gr\u00f6\u00dfte Bio-Imkerei\",\"publisher\":{\"@id\":\"https:\/\/www.bienen.at\/en\/#organization\"},\"potentialAction\":[{\"@type\":\"SearchAction\",\"target\":{\"@type\":\"EntryPoint\",\"urlTemplate\":\"https:\/\/www.bienen.at\/en\/?s={search_term_string}\"},\"query-input\":{\"@type\":\"PropertyValueSpecification\",\"valueRequired\":true,\"valueName\":\"search_term_string\"}}],\"inLanguage\":\"en-US\"},{\"@type\":\"Organization\",\"@id\":\"https:\/\/www.bienen.at\/en\/#organization\",\"name\":\"Bienenhof Mandl\",\"url\":\"https:\/\/www.bienen.at\/en\/\",\"logo\":{\"@type\":\"ImageObject\",\"inLanguage\":\"en-US\",\"@id\":\"https:\/\/www.bienen.at\/en\/#\/schema\/logo\/image\/\",\"url\":\"https:\/\/www.bienen.at\/wp-content\/uploads\/2022\/05\/bienenat.png\",\"contentUrl\":\"https:\/\/www.bienen.at\/wp-content\/uploads\/2022\/05\/bienenat.png\",\"width\":778,\"height\":193,\"caption\":\"Bienenhof Mandl\"},\"image\":{\"@id\":\"https:\/\/www.bienen.at\/en\/#\/schema\/logo\/image\/\"},\"sameAs\":[\"https:\/\/www.facebook.com\/bienen.at\"]}]}<\/script>\n<!-- \/ Yoast SEO plugin. -->","yoast_head_json":{"title":"Bee colonies - Bienenhof Mandl","robots":{"index":"index","follow":"follow","max-snippet":"max-snippet:-1","max-image-preview":"max-image-preview:large","max-video-preview":"max-video-preview:-1"},"canonical":"https:\/\/www.bienen.at\/en\/produkt\/bee-colonies\/","og_locale":"en_US","og_type":"article","og_title":"Bee colonies - Bienenhof Mandl","og_description":"At the end of March\/beginning of April we plan to hand over a limited number of wintering colonies. The colonies have a young queen, brood on three combs and occupy a total of 5 honeycomb frames. Pick up at the Bienenhof in Traiskirchen. No shipping.","og_url":"https:\/\/www.bienen.at\/en\/produkt\/bee-colonies\/","og_site_name":"Bienenhof Mandl","article_publisher":"https:\/\/www.facebook.com\/bienen.at","og_image":[{"width":2212,"height":1527,"url":"https:\/\/www.bienen.at\/wp-content\/uploads\/2022\/03\/bg_mandl3-1.jpg","type":"image\/jpeg"}],"twitter_card":"summary_large_image","schema":{"@context":"https:\/\/schema.org","@graph":[{"@type":"WebPage","@id":"https:\/\/www.bienen.at\/en\/produkt\/bee-colonies\/","url":"https:\/\/www.bienen.at\/en\/produkt\/bee-colonies\/","name":"Bee colonies - Bienenhof Mandl","isPartOf":{"@id":"https:\/\/www.bienen.at\/en\/#website"},"primaryImageOfPage":{"@id":"https:\/\/www.bienen.at\/en\/produkt\/bee-colonies\/#primaryimage"},"image":{"@id":"https:\/\/www.bienen.at\/en\/produkt\/bee-colonies\/#primaryimage"},"thumbnailUrl":"https:\/\/www.bienen.at\/wp-content\/uploads\/2022\/03\/bg_mandl3-1.jpg","datePublished":"2023-01-16T07:58:32+00:00","breadcrumb":{"@id":"https:\/\/www.bienen.at\/en\/produkt\/bee-colonies\/#breadcrumb"},"inLanguage":"en-US","potentialAction":[{"@type":"ReadAction","target":["https:\/\/www.bienen.at\/en\/produkt\/bee-colonies\/"]}]},{"@type":"ImageObject","inLanguage":"en-US","@id":"https:\/\/www.bienen.at\/en\/produkt\/bee-colonies\/#primaryimage","url":"https:\/\/www.bienen.at\/wp-content\/uploads\/2022\/03\/bg_mandl3-1.jpg","contentUrl":"https:\/\/www.bienen.at\/wp-content\/uploads\/2022\/03\/bg_mandl3-1.jpg","width":2212,"height":1527},{"@type":"BreadcrumbList","@id":"https:\/\/www.bienen.at\/en\/produkt\/bee-colonies\/#breadcrumb","itemListElement":[{"@type":"ListItem","position":1,"name":"Startseite","item":"https:\/\/www.bienen.at\/en\/"},{"@type":"ListItem","position":2,"name":"Store","item":"https:\/\/www.bienen.at\/store\/"},{"@type":"ListItem","position":3,"name":"Bee colonies"}]},{"@type":"WebSite","@id":"https:\/\/www.bienen.at\/en\/#website","url":"https:\/\/www.bienen.at\/en\/","name":"Bienenhof Mandl","description":"\u00d6sterreichs gr\u00f6\u00dfte Bio-Imkerei","publisher":{"@id":"https:\/\/www.bienen.at\/en\/#organization"},"potentialAction":[{"@type":"SearchAction","target":{"@type":"EntryPoint","urlTemplate":"https:\/\/www.bienen.at\/en\/?s={search_term_string}"},"query-input":{"@type":"PropertyValueSpecification","valueRequired":true,"valueName":"search_term_string"}}],"inLanguage":"en-US"},{"@type":"Organization","@id":"https:\/\/www.bienen.at\/en\/#organization","name":"Bienenhof Mandl","url":"https:\/\/www.bienen.at\/en\/","logo":{"@type":"ImageObject","inLanguage":"en-US","@id":"https:\/\/www.bienen.at\/en\/#\/schema\/logo\/image\/","url":"https:\/\/www.bienen.at\/wp-content\/uploads\/2022\/05\/bienenat.png","contentUrl":"https:\/\/www.bienen.at\/wp-content\/uploads\/2022\/05\/bienenat.png","width":778,"height":193,"caption":"Bienenhof Mandl"},"image":{"@id":"https:\/\/www.bienen.at\/en\/#\/schema\/logo\/image\/"},"sameAs":["https:\/\/www.facebook.com\/bienen.at"]}]}},"tiered_pricing_type":"fixed","tiered_pricing_fixed_rules":[],"tiered_pricing_product_settings":{"layout":"default","base_unit_name":{"singular":null,"plural":null},"default_variation":null},"tiered_pricing_minimum_quantity":null,"tiered_pricing_roles_data":[],"tiered_pricing_percentage_rules":[],"_links":{"self":[{"href":"https:\/\/www.bienen.at\/en\/wp-json\/wp\/v2\/product\/1758","targetHints":{"allow":["GET"]}}],"collection":[{"href":"https:\/\/www.bienen.at\/en\/wp-json\/wp\/v2\/product"}],"about":[{"href":"https:\/\/www.bienen.at\/en\/wp-json\/wp\/v2\/types\/product"}],"replies":[{"embeddable":true,"href":"https:\/\/www.bienen.at\/en\/wp-json\/wp\/v2\/comments?post=1758"}],"wp:featuredmedia":[{"embeddable":true,"href":"https:\/\/www.bienen.at\/en\/wp-json\/wp\/v2\/media\/1712"}],"wp:attachment":[{"href":"https:\/\/www.bienen.at\/en\/wp-json\/wp\/v2\/media?parent=1758"}],"wp:term":[{"taxonomy":"product_brand","embeddable":true,"href":"https:\/\/www.bienen.at\/en\/wp-json\/wp\/v2\/product_brand?post=1758"},{"taxonomy":"product_cat","embeddable":true,"href":"https:\/\/www.bienen.at\/en\/wp-json\/wp\/v2\/product_cat?post=1758"},{"taxonomy":"product_tag","embeddable":true,"href":"https:\/\/www.bienen.at\/en\/wp-json\/wp\/v2\/product_tag?post=1758"}],"curies":[{"name":"wp","href":"https:\/\/api.w.org\/{rel}","templated":true}]}}